{"id":409,"date":"2023-01-05T13:39:23","date_gmt":"2023-01-05T13:39:23","guid":{"rendered":"https:\/\/berlin-stag-do.com\/?page_id=409"},"modified":"2026-03-13T11:06:32","modified_gmt":"2026-03-13T11:06:32","slug":"villkor-for-tjansten","status":"publish","type":"page","link":"https:\/\/berlin-stag-do.com\/sv\/villkor-for-tjansten\/","title":{"rendered":"Villkor f\u00f6r tj\u00e4nsten"},"content":{"rendered":"<p>General terms and conditions are the fundamental part of this booking agreement, concluded between Nomio d.o.o. (hereinafter referred to as \u201cCompany\u201d) and their clients. Nomio d.o.o. is an umbrella brand for a multitude of brands listed on the Europe Stag Do website. Once the Client completes the booking, it is presumed that they accept these&nbsp; General Terms and Conditions.<\/p>\n\n\n\n<p>Kunden godk\u00e4nner dessa villkor genom att best\u00e4lla tj\u00e4nster fr\u00e5n f\u00f6retaget antingen via webbplatsen, e-post, telefon, genom att g\u00f6ra en betalning utan f\u00f6rbest\u00e4llning eller p\u00e5 n\u00e5got annat s\u00e4tt.<\/p>\n\n\n\n<p>The Client is responsible for all the costs and consequences which may occur due to incorrect information they have provided when making a booking.<\/p>\n\n\n\n<p>F\u00f6retagets varum\u00e4rke och webbplatsen samt alla dess komponenter (programmeringskod, design, fotografier, text etc.) och alla undersidor \u00e4r f\u00f6retagets immateriella egendom och skyddas d\u00e4rmed av upphovsr\u00e4tt. All kopiering, anv\u00e4ndning eller missbruk av varum\u00e4rket och\/eller webbplatsen och dess komponenter \u00e4r f\u00f6rem\u00e5l f\u00f6r r\u00e4ttsliga \u00e5tg\u00e4rder i enlighet med lokal lagstiftning.<\/p>\n\n\n\n<p>Vi \u00e5tar oss att g\u00f6ra v\u00e5rt b\u00e4sta f\u00f6r att tillhandah\u00e5lla aktuell och korrekt information p\u00e5 f\u00f6retagets webbplats. Vi kan dock inte h\u00e5llas ansvariga f\u00f6r fel, utel\u00e4mnanden eller resultat som kan uppn\u00e5s genom missbruk eller missf\u00f6rst\u00e5nd av denna information. Vi f\u00f6rbeh\u00e5ller oss r\u00e4tten att korrigera fel s\u00e5 snart de kommer till v\u00e5r k\u00e4nnedom och, mer allm\u00e4nt, att n\u00e4r som helst och utan f\u00f6rvarning \u00e4ndra hela eller delar av webbplatsen och dessa villkor utan att ta n\u00e5got ansvar som kan uppst\u00e5 till f\u00f6ljd av detta. De mest aktuella villkoren vid tidpunkten f\u00f6r din avresa kommer att g\u00e4lla.<\/p>\n\n\n\n<p>Webbplatsen kan inneh\u00e5lla l\u00e4nkar till andra webbplatser som vi inte \u00e4ger. Vi kan inte p\u00e5 n\u00e5got s\u00e4tt h\u00e5llas ansvariga f\u00f6r tillhandah\u00e5llandet av dessa l\u00e4nkar f\u00f6r att f\u00e5 tillg\u00e5ng till dessa webbplatser och externa k\u00e4llor, och kan inte ta n\u00e5got ansvar f\u00f6r inneh\u00e5ll, reklam, produkter, tj\u00e4nster eller annat material p\u00e5 eller tillg\u00e4ngligt fr\u00e5n dessa externa webbplatser eller k\u00e4llor som varken \u00e4r godk\u00e4nda eller verifierade av v\u00e5rt team.<\/p>\n\n\n\n<p>Alla bilder \u00e4r symboliska.<\/p>\n\n\n\n<p>All information submitted by the Client at any time will be used only for the purpose of the Client\u2019s booking. Outside of that, it will be kept private and confidential, except when applicable by law.<\/p>\n\n\n\n<p>All information submitted by the Company (websites, promotional material, other agencies\u2019 information) are strictly informative and are subject to cancellation, change or modification due to heavy traffic, force majeure or other unforeseen circumstances.<\/p>\n\n\n\n<h2 class=\"wp-block-heading\">Termer som vi anv\u00e4nder och deras f\u00f6rklaringar<\/h2>\n\n\n\n<p><strong>Paket<\/strong>&nbsp;&#8211; The entire service package the Client booked, defined as a tour, day trip, or holiday.<\/p>\n\n\n\n<p><strong>Aktivitet<\/strong>&nbsp;&#8211; an individual activity or an activity inside the package.<\/p>\n\n\n\n<p><strong>100% Garanterad pengarna tillbaka<\/strong>&nbsp;\u2013 If we can\u2019t deliver the service as promised and the Client is not satisfied, they should communicate the complaint directly to our staff in less than 24 hours after the activity. If we agree on the issue, the Client can get the money back paid for that specific activity, but not for the whole package.<\/p>\n\n\n\n<p><strong>Garanti f\u00f6r b\u00e4sta pris<\/strong>&nbsp;&#8211; We try to offer the best possible prices. In case competitors offer exactly the same activity or package at a lower rate, we would try to match their price if that&#8217;s possible. This is not applicable after the booking was confirmed.<\/p>\n\n\n\n<h2 class=\"wp-block-heading\">Bokning och betalning<\/h2>\n\n\n\n<p>Om kunden bokar mer \u00e4n 60 dagar f\u00f6re resedatumet f\u00f6r ett paket eller en aktivitet med ett totalpris p\u00e5 500 \u20ac eller mer, kr\u00e4ver vi att kunden betalar en deposition p\u00e5 minst 25% vid bokningsbekr\u00e4ftelsen och att resterande belopp betalas 60 dagar f\u00f6re avresedatumet.<\/p>\n\n\n\n<p>Om kunden bokar inom 60 dagar f\u00f6re avresedatumet ska full betalning ske vid bokningsbekr\u00e4ftelsen.<\/p>\n\n\n\n<p>Betalning m\u00e5ste ske enligt de metoder och tider som anges p\u00e5 webbplatsen om inget annat avtalats.<\/p>\n\n\n\n<p>Vi kan inte garantera tillg\u00e4nglighet p\u00e5 \u00f6nskat datum och tid innan betalningen eller depositionen har slutf\u00f6rts.<br><br>If full payment is not received 60 days prior to the departure date, we reserve the right to cancel the activity or package and deem the deposit non refundable regardless of the Client\u2019s Cancellation Insurance.<\/p>\n\n\n\n<p>Om kunden g\u00f6r en f\u00f6rsenad betalning innan bokningen har avbokats av oss, \u00e4r kunden skyldig att betala en f\u00f6rseningsavgift p\u00e5 19 \u20ac per dag fr\u00e5n och med den f\u00f6rsta dagen efter f\u00f6rfallodagen, om inget annat avtal har ing\u00e5tts skriftligen.<\/p>\n\n\n\n<p>Om kunden inte betalar hela beloppet (inklusive eventuella avgifter) inom 7 dagar efter att ha f\u00e5tt en p\u00e5minnelse f\u00f6rbeh\u00e5ller vi oss r\u00e4tten att behandla bokningen som om kunden har avbokat den.<\/p>\n\n\n\n<p>Om de valda arrangemangen \u00e4r tillg\u00e4ngliga bekr\u00e4ftar vi en aktivitet eller ett paket genom att utf\u00e4rda en bekr\u00e4ftelsefaktura. Denna faktura skickas till den kund som bokat aktiviteten eller paketet, oavsett hur m\u00e5nga personer som ing\u00e5r i gruppen. Kunden m\u00e5ste kontrollera fakturan noggrant och kontakta oss omedelbart om n\u00e5gon information som framg\u00e5r av bekr\u00e4ftelsen eller n\u00e5got annat dokument verkar vara felaktig eller ofullst\u00e4ndig.<\/p>\n\n\n\n<h2 class=\"wp-block-heading\">Avbest\u00e4llning och\/eller \u00e4ndringar<\/h2>\n\n\n\n<p>Beroende p\u00e5 tidpunkten f\u00f6r avbokningen g\u00e4ller f\u00f6ljande avbokningsavgifter:<\/p>\n\n\n\n<ul class=\"wp-block-list\">\n<li>75% av resans pris \u00e5terbetalas vid avbokning upp till 60 dagar f\u00f6re avresa.<\/li>\n\n\n\n<li>50% av resans pris \u00e5terbetalas vid avbokning mellan 31-60 dagar f\u00f6re avresa.<\/li>\n\n\n\n<li>Ingen (0%) av resekostnaderna \u00e5terbetalas vid avbokning med mindre \u00e4n 30 dagars varsel f\u00f6re avresa eller vid utebliven ankomst.<\/li>\n<\/ul>\n\n\n\n<p>F\u00f6r avbokade bokningar kan vi till\u00e4mpa dina avbokningsavgifter p\u00e5 en framtida bokning. Krediten \u00e4r giltig f\u00f6r resor inom ett \u00e5r fr\u00e5n avbokningsdatumet.<\/p>\n\n\n\n<p>Kundens bokning \u00e4r obligatorisk och d\u00e4rf\u00f6r \u00e4r det m\u00f6jligt f\u00f6r kunden att avboka sin bokning enbart enligt dessa allm\u00e4nna villkor.<\/p>\n\n\n\n<p>If the payment was made online or by credit card or via a payment link, we reserve the right to keep a 5% processing fee in case of refunding a cancellation made by the Client.<\/p>\n\n\n\n<p>\u00c4ven om det \u00e4r osannolikt kan v\u00e5ra tj\u00e4nster st\u00e4llas in eller \u00e4ndras av f\u00f6retaget p\u00e5 grund av brist p\u00e5 minsta antal deltagare eller andra of\u00f6rutsedda omst\u00e4ndigheter. F\u00f6retaget f\u00f6rbeh\u00e5ller sig r\u00e4tten att st\u00e4lla in eller \u00e4ndra turer. Om en av v\u00e5ra tj\u00e4nster st\u00e4lls in eller \u00e4ndras kommer du att underr\u00e4ttas s\u00e5 snart som m\u00f6jligt.<\/p>\n\n\n\n<p>F\u00f6retaget f\u00f6rbeh\u00e5ller sig r\u00e4tten att avbryta, \u00e4ndra eller modifiera alla tj\u00e4nster utan f\u00f6rvarning, inklusive att \u00e4ndra eller f\u00f6r\u00e4ndra platser, rutter och priser. I h\u00e4ndelse av en \u00e4ndring kommer f\u00f6retaget att f\u00f6rs\u00f6ka ers\u00e4tta alternativa arrangemang av j\u00e4mf\u00f6rbart penningv\u00e4rde utan kompensation och tar inget ansvar f\u00f6r f\u00f6rlust av n\u00f6je till f\u00f6ljd av dessa \u00e4ndringar. Allt detta g\u00f6rs f\u00f6r att v\u00e5ra kunder ska f\u00e5 b\u00e4sta m\u00f6jliga upplevelse.<\/p>\n\n\n\n<p>Om du inte kan delta i en tur eller aktivitet, eller om vi inte kan erbjuda en tur eller aktivitet p\u00e5 grund av en omst\u00e4ndighet utanf\u00f6r v\u00e5r kontroll eller en force majeure-h\u00e4ndelse, har f\u00f6retaget inget ansvar f\u00f6r avbokningar, och du har inte r\u00e4tt till n\u00e5gon \u00e5terbetalning.<\/p>\n\n\n\n<p>N\u00e4r en tur\/aktivitet redan har p\u00e5b\u00f6rjats erbjuder f\u00f6retaget ingen \u00e5terbetalning om v\u00e5r personal bed\u00f6mer att f\u00f6rh\u00e5llandena inte till\u00e5ter en s\u00e4ker forts\u00e4ttning i h\u00e4ndelse av extremt v\u00e4der eller annan force majeure.<\/p>\n\n\n\n<p>Vissa aktiviteter och sev\u00e4rdheter p\u00e5 turerna beror p\u00e5 v\u00e4der och \u00f6ppettider, d\u00e4rf\u00f6r f\u00f6rbeh\u00e5ller sig f\u00f6retaget r\u00e4tten att \u00e4ndra turprogrammet (resplanen), men kommer att f\u00f6rs\u00f6ka informera kunden om \u00e4ndringen s\u00e5 snart som m\u00f6jligt.<\/p>\n\n\n\n<p>If the Client fails to have proper gear which is required for a certain tour\/activity, the Company or their representative reserves the right to refuse the Client\u2019s participation in the tour\/activity, without a chance of refund.<\/p>\n\n\n\n<p>F\u00f6re bokningsbekr\u00e4ftelsen kan kunden kostnadsfritt g\u00f6ra \u00e4ndringar i bokningen. Vi kommer att f\u00f6rs\u00f6ka tillgodose \u00e4ndringar och ytterligare \u00f6nskem\u00e5l efter bokningsbekr\u00e4ftelsen, men tillg\u00e4ngligheten kan inte garanteras. F\u00f6retaget f\u00f6rbeh\u00e5ller sig r\u00e4tten att ta ut extra avgifter vid eventuella boknings\u00e4ndringar efter det att ins\u00e4ttningen har gjorts.<\/p>\n\n\n\n<p>Your package content, services and price are included in the final offer. The final offer stands as a confirmation statement of selected services and is a part of the Company\u2019s contract with the Client. The package price does not include (unless agreed otherwise):<\/p>\n\n\n\n<ul class=\"wp-block-list\">\n<li>valfria (icke obligatoriska\/till\u00e4ggs) utflykter och bes\u00f6k,<\/li>\n\n\n\n<li>Eventuella kostnader f\u00f6r att erh\u00e5lla och utf\u00e4rda viseringar,<\/li>\n\n\n\n<li>mat och dryck och andra extra tj\u00e4nster,<\/li>\n\n\n\n<li>resef\u00f6rs\u00e4kring,<\/li>\n\n\n\n<li>andra tj\u00e4nster som inte anges i erbjudandet.<\/li>\n<\/ul>\n\n\n\n<p>Alla typer av specialtj\u00e4nster p\u00e5 plats (sista minuten med enkelrum, specialkost etc.) ska betalas av kunden och m\u00e5ste best\u00e4llas i samband med bokningen. Om en kund beg\u00e4r en s\u00e4rskild tj\u00e4nst under resan\/aktiviteten ska han eller hon betala f\u00f6r den direkt till guiden eller f\u00f6retagets representant, i respektive lands valuta. Vi f\u00f6rbeh\u00e5ller oss r\u00e4tten att h\u00f6ja priset och r\u00e4tten till avbokning.<\/p>\n\n\n\n<p>Alla priser \u00e4r i \u20ac (euro) om inget annat anges.<\/p>\n\n\n\n<p>F\u00f6retaget kan beg\u00e4ra en h\u00f6jning av det avtalade priset om f\u00f6ljande intr\u00e4ffar efter det att avtalet har ing\u00e5tts:<\/p>\n\n\n\n<ul class=\"wp-block-list\">\n<li>En f\u00f6r\u00e4ndring av v\u00e4xelkursen i f\u00f6rh\u00e5llande till programmets publiceringsdatum,<\/li>\n\n\n\n<li>En f\u00f6r\u00e4ndring av transportkostnaderna (br\u00e4nsle, v\u00e4gtullar osv.),<\/li>\n\n\n\n<li>A change in hotels or carriers\u2019 fees.<\/li>\n<\/ul>\n\n\n\n<p>The Company can inform customers of the change verbally or in writing. The Client may cancel the tour free of charge if the changed price is more than 10% higher, at the latest within 48 hours after the notice. If the customer fails to cancel the tour within the stated term, it shall be deemed that they agree to the changed price. The published prices are the result of the Company\u2019s contract with suppliers\/partners and they may not correspond to the prices stated on the spot, at the Client\u2019s destination.<\/p>\n\n\n\n<p>Om kunden \u00e4r f\u00f6rsenad till en aktivitet f\u00f6rs\u00f6ker vi alltid erbjuda dig aktiviteten senare \u00e4n vad som ursprungligen var planerat, men om detta inte \u00e4r m\u00f6jligt kan du inte f\u00e5 n\u00e5gon \u00e5terbetalning. Om du vet att du kommer att bli f\u00f6rsenad ber vi dig att informera oss s\u00e5 snart som m\u00f6jligt.<\/p>\n\n\n\n<p>Om du av n\u00e5gon anledning vill avsluta en aktivitet i f\u00f6rtid har du inte r\u00e4tt till \u00e5terbetalning eller rabatt.<\/p>\n\n\n\n<p>F\u00f6retaget f\u00f6rbeh\u00e5ller sig den absoluta r\u00e4tten att avvisa en bokning efter eget gottfinnande, oavsett anledning och n\u00e4r som helst. Kunderna samtycker till att acceptera den auktoritet och de beslut som fattas av v\u00e5ra anst\u00e4llda, guider och n\u00e4rst\u00e5ende f\u00f6retag.<\/p>\n\n\n\n<p>F\u00f6retaget f\u00f6rbeh\u00e5ller sig r\u00e4tten att st\u00e4lla in en resa eller aktiviteter under alla omst\u00e4ndigheter, men kommer att f\u00f6rs\u00f6ka undvika detta om det inte \u00e4r absolut n\u00f6dv\u00e4ndigt.<\/p>\n\n\n\n<p>F\u00f6retaget \u00e4r inte ansvarigt f\u00f6r andra bokningar som kunden gjort hos andra leverant\u00f6rer, t.ex. turer, transferer, flygningar osv. Om resplanen \u00e4ndras garanterar f\u00f6retaget inte n\u00e5gon tid f\u00f6r turens avg\u00e5ng eller ankomst.<\/p>\n\n\n\n<p><strong>Grundl\u00e4ggande avbest\u00e4llningsf\u00f6rs\u00e4kring<\/strong><\/p>\n\n\n\n<p>Kunden kan k\u00f6pa en avbest\u00e4llningsf\u00f6rs\u00e4kring vid bokningen som en garanti som t\u00e4cker det totala priset f\u00f6r aktiviteten eller paketet, vilket inkluderar de flesta serviceavgifter och avgifter. Kunden f\u00e5r full \u00e5terbetalning vid avbokning p\u00e5 grund av of\u00f6rutsedda omst\u00e4ndigheter.<\/p>\n\n\n\n<p>Avbest\u00e4llningsf\u00f6rs\u00e4kringen t\u00e4cker f\u00f6ljande:<br>Illness &#8211; A physical or mental condition confirmed by a doctor that prevents you from attending the booked package.<br>Injury &#8211; A bodily injury confirmed by a doctor that prevents you from attending the booked package.<br>Death &#8211; or death of your close relatives.<\/p>\n\n\n\n<p>Villkoret f\u00f6r \u00e5terbetalning \u00e4r skriftlig avbokning inom 48 timmar efter att orsaken till avbokningen intr\u00e4ffat. Den kund som har k\u00f6pt en avbest\u00e4llningsf\u00f6rs\u00e4kring kan avboka senast 72 timmar f\u00f6re aktivitetens eller paketets start f\u00f6r att vara ber\u00e4ttigad till \u00e5terbetalning.<\/p>\n\n\n\n<p>Du m\u00e5ste tillhandah\u00e5lla den dokumentation som kr\u00e4vs inom 15 dagar efter avbokningen. N\u00e4r vi har mottagit din fullst\u00e4ndiga dokumentation och bekr\u00e4ftat dess giltighet kommer vi att \u00e5terbetala dina pengar inom 90 dagar.<\/p>\n\n\n\n<p>Dokumentationen b\u00f6r inneh\u00e5lla ett giltigt intyg om of\u00f6rm\u00e5ga att resa, av vilket det framg\u00e5r att kunden inte kunde resa under de datum f\u00f6r vilka aktiviteten eller paketet bokades.<\/p>\n\n\n\n<p>In groups of 5 or more that are not members of the same family, maximum 30% of the group members are eligible to get the money back &#8211; for example if the group consists of 10 people, max 3 people can get the refund.<\/p>\n\n\n\n<p>Om du inte respekterar betalningsfrister utan f\u00f6reg\u00e5ende meddelande omfattas du inte av avbest\u00e4llningsf\u00f6rs\u00e4kringen.<\/p>\n\n\n\n<p>We don\u2019t refund costs of Cancellation Insurance and payment fees.<\/p>\n\n\n\n<p><br><strong>Premium Cancellation Insurance &#8211; Cancel for any reason (CFAR) Insurance<\/strong><\/p>\n\n\n\n<p>Kunden kan k\u00f6pa en CFAR-f\u00f6rs\u00e4kring som en garanti som t\u00e4cker det totala priset f\u00f6r aktiviteten eller paketet, vilket inkluderar de flesta serviceavgifter och avgifter. Kunden f\u00e5r en \u00e5terbetalning om han eller hon av n\u00e5gon anledning avbokar, och beloppet beror p\u00e5 hur l\u00e4nge avbokningen varar.<\/p>\n\n\n\n<p>Villkoret f\u00f6r \u00e5terbetalning \u00e4r skriftlig avbokning 72 timmar f\u00f6re aktivitetens eller paketets start.<\/p>\n\n\n\n<p>30% av boendekostnaderna kan inte \u00e5terbetalas om de avbokas mindre \u00e4n 45 dagar f\u00f6re paketets b\u00f6rjan.<\/p>\n\n\n\n<p>We don\u2019t refund costs of CFAR Insurance and payment fees.<\/p>\n\n\n\n<p><strong>COVID-19 \/ \u00c5terbetalning vid extrema omst\u00e4ndigheter<\/strong><\/p>\n\n\n\n<p>In the event of the government closing borders or any other official restrictions that prevent travel to Slovenia on your chosen dates, we offer either a date change free of charge or a refund (except for minimum administrative costs, credit card fees and possible penalty fees from the accommodation providers &#8211; no more than 30% of the accommodation price). In case of a date change, we reserve the right to adjust the booking price according to a potential price change of any part of the Client\u2019s offer.<\/p>\n\n\n\n<h2 class=\"wp-block-heading\">S\u00e4kerhet och integritet<\/h2>\n\n\n\n<p>All clients are responsible for their own safety and well-being. We don\u2019t encourage any of our clients to engage in any dangerous activity or to drink excessively. The Company cannot accept any responsibility if the Client for example drinks too much or engages in dangerous activities and suffers injury, illness, death, loss or damage as a result.<\/p>\n\n\n\n<p>All clients should thoroughly evaluate their physical capabilities and mental capacities for participation in tours by the Company before their booking. In case of incapability, the Company can deny the Client\u2019s participation.<\/p>\n\n\n\n<p>All venue partners (including activities, bars, restaurants, clubs, accommodations&#8230;) reserve the right to refuse the Client\u2019s entry or remove them from activities\/venues due to various reasons such as the Client being drunk, disorderly, aggressive, abusive or practicing any anti-social behavior. The Company accepts no liability in mentioned events and refunds are not possible in such circumstances.<\/p>\n\n\n\n<p>Some programs include alcohol consumption and are suitable only for participants aged 18 years or older. Proof of age must be provided at the time of participation. As proof of age, we only accept official identification such as Passport, driver\u2019s license and other proof of age (18 plus) cards. Unacceptable identification includes photocopies, student cards and other non-government-issued identification.<\/p>\n\n\n\n<p>Genom att g\u00f6ra en bokning godk\u00e4nner varje kund att f\u00f6retaget har r\u00e4tt att publicera alla foton och videor som tagits under programmet (bilderna och videorna kan inkludera varje kund) i reklamsyfte och kommersiella syften. Om kunden inte samtycker till detta ska han\/hon ange det innan en tur\/aktivitet inleds.<\/p>\n\n\n\n<p>Vi uppmuntrar alla kunder att teckna en resef\u00f6rs\u00e4kring f\u00f6r att skydda sin ekonomiska investering.<\/p>\n\n\n\n<h2 class=\"wp-block-heading\">Klagom\u00e5l<\/h2>\n\n\n\n<p>Om kunden har ett klagom\u00e5l ska han\/hon genast meddela reseledaren eller bokningsagenten detta. P\u00e5 s\u00e5 s\u00e4tt har v\u00e5rt team m\u00f6jlighet att r\u00e4tta till situationen efter utv\u00e4rdering av klagom\u00e5let. Eventuella \u00e4ndringar av turen f\u00f6r att g\u00f6ra kunden n\u00f6jd kan endast g\u00f6ras om klagom\u00e5let framf\u00f6rs under turen. Klagom\u00e5l som framf\u00f6rs vid en senare tidpunkt kommer inte att beaktas. Om klagom\u00e5let framf\u00f6rs under resan och problemet f\u00f6rblir ol\u00f6st m\u00e5ste ett nytt klagom\u00e5l l\u00e4mnas skriftligen till f\u00f6retaget inom 24 timmar efter det att resan avslutats.<\/p>\n\n\n\n<p>I vissa fall \u00e4r f\u00f6retaget en mellanhand mellan kunden och en tj\u00e4nsteleverant\u00f6r. \u00c4ven om v\u00e5rt team \u00e4r h\u00e4ngivet att hitta och tillhandah\u00e5lla endast de b\u00e4sta tj\u00e4nsterna f\u00f6r dig kan vi inte h\u00e5llas ansvariga f\u00f6r misstag, miss\u00f6den eller f\u00f6rsummelser som beg\u00e5s av tredje person. Om det uppst\u00e5r problem med n\u00e5gon av de tj\u00e4nster som utf\u00f6rs av v\u00e5r leverant\u00f6r\/partner m\u00e5ste du l\u00f6sa det direkt med dem.<\/p>\n\n\n\n<h2 class=\"wp-block-heading\">F\u00f6rpliktelser<\/h2>\n\n\n\n<p>All clients must follow the instructions by the Company, stated in correspondence, product\u2019s webpage\/brochure or instructions by the Company\u2019s guide.<\/p>\n\n\n\n<p>F\u00f6retaget f\u00f6rbeh\u00e5ller sig r\u00e4tten att avbryta programmet n\u00e4r som helst om kunden inte f\u00f6ljer reseledarens instruktioner och verkar kunna \u00e4ventyra ett s\u00e4kert och bekv\u00e4mt genomf\u00f6rande av resan, och kunden kan uteslutas fr\u00e5n hela eller delar av resan. I detta fall har kunden inte r\u00e4tt till n\u00e5gon \u00e5terbetalning och m\u00e5ste st\u00e5 f\u00f6r eventuella extra kostnader som kunden \u00e5drar sig till f\u00f6ljd av detta.<\/p>\n\n\n\n<p>Klienterna m\u00e5ste l\u00e4mna ut all relevant information som kan p\u00e5verka upplevelsen eller andra klienter. Om viktig information inte l\u00e4mnas till f\u00f6retaget f\u00f6re upplevelsen och detta orsakar extra kostnader, \u00e4r kunden skyldig att t\u00e4cka dessa.<\/p>\n\n\n\n<p>Alla kunder f\u00f6rv\u00e4ntas f\u00f6lja lokala lagar och f\u00f6rordningar och om de inte g\u00f6r det befrias f\u00f6retaget fr\u00e5n alla skyldigheter som de annars kan ha enligt dessa bokningsvillkor. Eventuella skador eller f\u00f6rluster som orsakas av kunden \u00e4r kundens ansvar. Full betalning f\u00f6r s\u00e5dana skador eller f\u00f6rluster m\u00e5ste betalas vid tidpunkten direkt till leverant\u00f6ren eller f\u00f6retaget. Om kunden underl\u00e5ter att g\u00f6ra detta kommer denne att vara ansvarig f\u00f6r att uppfylla eventuella krav (inklusive juridiska kostnader).<\/p>\n\n\n\n<p>All clients need to have a valid identification document with them at all times. As stated by the law, every Slovenian citizen or country\u2019s visitor is obliged to have a valid ID present, and if asked to be identified by the police, the Client is aware that they could be charged with a penalty if they failed to do so.<\/p>\n\n\n\n<h2 class=\"wp-block-heading\">Ansvarsfrihet<\/h2>\n\n\n\n<p>F\u00f6retaget \u00e4r inte ansvarigt f\u00f6r personskador eller egendomsskador till f\u00f6ljd av (men inte begr\u00e4nsat till): fysisk anstr\u00e4ngning som kunden inte \u00e4r f\u00f6rberedd p\u00e5, naturkrafter (force majeure), kollisioner med cyklar, fotg\u00e4ngare eller bilar, v\u00e4gf\u00f6rh\u00e5llanden, inklusive men inte begr\u00e4nsat till avsaknad av sidor och v\u00e4gbanor som p\u00e5verkas av v\u00e4derf\u00f6rh\u00e5llanden; Resor med flyg, t\u00e5g, bil, b\u00e5t eller andra transportmedel, eller med cykel, skidor, h\u00e4star, fotg\u00e4ngare eller andra former av aktiva resor eller \u00e4ventyrsresor, konsumtion av alkoholhaltiga drycker, oroligheter, terrorism, haveri av utrustning, h\u00f6g h\u00f6jd, brist p\u00e5 eller begr\u00e4nsad tillg\u00e5ng till medicinsk v\u00e5rd p\u00e5 avl\u00e4gsna platser eller otillr\u00e4cklig medicinsk v\u00e5rd n\u00e4r den v\u00e4l har tillhandah\u00e5llits.<\/p>\n\n\n\n<p>Kunder som inte l\u00e4mnar in ett undertecknat ansvarsfrihetsbrev f\u00f6re avresa f\u00e5r inte delta i resan och en vanlig avbest\u00e4llningspolicy kommer att g\u00e4lla.<\/p>\n\n\n\n<h2 class=\"wp-block-heading\">Begr\u00e4nsningar av ansvar<\/h2>\n\n\n\n<p>The Company is not liable for Client\u2019s extra expenses such as meals, transportation or extra hotel costs that are not included in the trip cost but may be required to get to or from a trip start or end. The Company reserves the right to make route and hotel modifications if necessary to improve the quality of a trip or to accommodate the comfort and wellbeing of Clients.<\/p>\n\n\n\n<p>Lost Belongings: The Company is not responsible for Client\u2019s loss of passports, tickets and any other documents, as well as the loss of or damage to luggage, personal property or other belongings.<\/p>\n\n\n\n<p>De allm\u00e4nna villkoren och f\u00f6rh\u00e5llandet mellan kunden och f\u00f6retaget ska regleras av den lokala lagstiftningen utan h\u00e4nsyn till dess best\u00e4mmelser om lagkonflikter. Kunden och f\u00f6retaget samtycker till att underkasta sig den beh\u00f6riga domstolens exklusiva jurisdiktion i Ljubljana, Slovenien.<\/p>\n\n\n\n<p>N\u00e4r kunden slutf\u00f6r eller bekr\u00e4ftar bokningen f\u00f6ruts\u00e4tts det att denne accepterar dessa allm\u00e4nna villkor.<\/p>\n\n\n\n<p><strong>Nomio d.o.o.<\/strong>; Ob Farjevcu 50, 1000 Ljubljana Slovenia; Tax number: SI94485186; Company registration number: 9768777000. Tour Organiser Licence: 2663, Tourist Agent Licence: 2664.<\/p>\n\n\n\n<p>Information f\u00f6r bank\u00f6verf\u00f6ring:<\/p>\n\n\n\n<p>IBAN: SI56 0284 3026 6896 844<\/p>\n\n\n\n<p>BIC: LJBASI2X<\/p>\n\n\n\n<p>Address: Ob Farjevcu 50, 1000 Ljubljana<\/p>\n\n\n\n<p>Bank: NLB d.d.<\/p>\n\n\n\n<p>Anv\u00e4ndarvillkoren tr\u00e4der i kraft den 27.05.2022.<\/p>","protected":false},"excerpt":{"rendered":"<p>General terms and conditions are the fundamental part of this booking agreement, concluded between Nomio d.o.o. (hereinafter referred to as \u201cCompany\u201d) and their clients. Nomio d.o.o. is an umbrella brand for a multitude of brands listed on the Europe Stag Do website. Once the Client completes the booking, it is presumed that they accept these&nbsp; &hellip; <a href=\"https:\/\/berlin-stag-do.com\/sv\/villkor-for-tjansten\/\">Forts\u00e4ttning<\/a><\/p>","protected":false},"author":39,"featured_media":0,"parent":0,"menu_order":0,"comment_status":"closed","ping_status":"closed","template":"","meta":{"_acf_changed":false,"footnotes":""},"class_list":["post-409","page","type-page","status-publish","hentry"],"acf":{"page_subheading":""},"_links":{"self":[{"href":"https:\/\/berlin-stag-do.com\/sv\/wp-json\/wp\/v2\/pages\/409","targetHints":{"allow":["GET"]}}],"collection":[{"href":"https:\/\/berlin-stag-do.com\/sv\/wp-json\/wp\/v2\/pages"}],"about":[{"href":"https:\/\/berlin-stag-do.com\/sv\/wp-json\/wp\/v2\/types\/page"}],"author":[{"embeddable":true,"href":"https:\/\/berlin-stag-do.com\/sv\/wp-json\/wp\/v2\/users\/39"}],"replies":[{"embeddable":true,"href":"https:\/\/berlin-stag-do.com\/sv\/wp-json\/wp\/v2\/comments?post=409"}],"version-history":[{"count":2,"href":"https:\/\/berlin-stag-do.com\/sv\/wp-json\/wp\/v2\/pages\/409\/revisions"}],"predecessor-version":[{"id":18972,"href":"https:\/\/berlin-stag-do.com\/sv\/wp-json\/wp\/v2\/pages\/409\/revisions\/18972"}],"wp:attachment":[{"href":"https:\/\/berlin-stag-do.com\/sv\/wp-json\/wp\/v2\/media?parent=409"}],"curies":[{"name":"wp","href":"https:\/\/api.w.org\/{rel}","templated":true}]}}