{"id":117,"date":"2022-12-19T18:43:05","date_gmt":"2022-12-19T18:43:05","guid":{"rendered":"https:\/\/berlin-stag-do.com\/?page_id=117"},"modified":"2022-12-20T10:03:32","modified_gmt":"2022-12-20T10:03:32","slug":"hur-man-tar-sig-till-berlin","status":"publish","type":"page","link":"https:\/\/berlin-stag-do.com\/sv\/hur-man-tar-sig-till-berlin\/","title":{"rendered":"Hur tar man sig till Berlin?"},"content":{"rendered":"<p>Berlin \u00e4r Tysklands huvudstad och st\u00f6rsta stad och ligger i den nord\u00f6stra delen av landet. Den har goda f\u00f6rbindelser med olika transports\u00e4tt, vilket g\u00f6r den l\u00e4tt att ta sig till fr\u00e5n olika delar av v\u00e4rlden.<\/p>\n\n\n\n<h2 class=\"wp-block-heading\">Med flyg<\/h2>\n\n\n\n<p>Berlin har tv\u00e5 internationella flygplatser: Berlin Tegel Airport (TXL) och Berlin Sch\u00f6nefeld Airport (SXF). B\u00e5da flygplatserna ligger utanf\u00f6r stadens centrum, men de har goda f\u00f6rbindelser till staden med kollektivtrafik. Det g\u00e5r ofta t\u00e5g och bussar fr\u00e5n flygplatserna till olika delar av staden, och det finns \u00e4ven taxitj\u00e4nster.<\/p>\n\n\n\n<h2 class=\"wp-block-heading\">Med t\u00e5g<\/h2>\n\n\n\n<p>Berlin har tv\u00e5 stora t\u00e5gstationer: Berlin Hauptbahnhof (huvudstationen) och Berlin Ostbahnhof (\u00f6ststationen). Hauptbahnhof ligger i stadens centrum och \u00e4r den viktigaste knutpunkten f\u00f6r l\u00e5ngdistanst\u00e5g, medan Ostbahnhof ligger i stadens \u00f6stra del och fr\u00e4mst anv\u00e4nds f\u00f6r regionalt\u00e5g. Det finns \u00e4ven mindre t\u00e5gstationer utspridda i staden, s\u00e5 det \u00e4r l\u00e4tt att hitta en t\u00e5gstation n\u00e4ra din destination.<\/p>\n\n\n\n<h2 class=\"wp-block-heading\">Med bil<\/h2>\n\n\n\n<p>Det \u00e4r l\u00e4tt att ta sig till Berlin med bil eftersom staden \u00e4r ansluten till det tyska motorv\u00e4gsn\u00e4tet. Om du kommer fr\u00e5n andra delar av Tyskland kan du ta motorv\u00e4garna A2, A9 eller A10 f\u00f6r att ta dig till staden. Om du kommer fr\u00e5n andra delar av Europa kan du ta motorv\u00e4garna E30, E55 eller E51 f\u00f6r att komma till Berlin. Det finns flera parkeringsgarage och parkeringsplatser i staden, men det \u00e4r viktigt att notera att det kan vara tr\u00e5ngt att k\u00f6ra i Berlin, s\u00e4rskilt i stadens centrum.<\/p>\n\n\n\n<h2 class=\"wp-block-heading\">Med buss<\/h2>\n\n\n\n<p>Berlin har ocks\u00e5 goda bussf\u00f6rbindelser, med m\u00e5nga bussbolag som erbjuder tj\u00e4nster till och fr\u00e5n staden. Det finns flera busstationer i staden, bland annat den centrala busstationen (Zentraler Omnibusbahnhof) som ligger n\u00e4ra Hauptbahnhof.<\/p>\n\n\n\n<p>\u00d6verlag \u00e4r det l\u00e4tt och bekv\u00e4mt att ta sig till Berlin tack vare de utm\u00e4rkta transportf\u00f6rbindelserna. Men n\u00e4r du v\u00e4l \u00e4r framme \u00e4r vi h\u00e4r f\u00f6r att hj\u00e4lpa dig med dina <a href=\"https:\/\/berlin-stag-do.com\/sv\/overforingar\/\">\u00f6verf\u00f6ringar<\/a> f\u00f6r att f\u00e5 din svensexa att g\u00e5 smidigt.<\/p>","protected":false},"excerpt":{"rendered":"<p>Berlin \u00e4r Tysklands huvudstad och st\u00f6rsta stad och ligger i den nord\u00f6stra delen av landet. Staden har goda f\u00f6rbindelser med olika transportmedel, vilket g\u00f6r den l\u00e4tt att ta sig till fr\u00e5n olika delar av v\u00e4rlden. Med flyg Berlin har tv\u00e5 internationella flygplatser: Berlin Tegel Airport (TXL) och Berlin Sch\u00f6nefeld Airport ... <a href=\"https:\/\/berlin-stag-do.com\/sv\/hur-man-tar-sig-till-berlin\/\">Forts\u00e4ttning<\/a><\/p>","protected":false},"author":39,"featured_media":253,"parent":0,"menu_order":0,"comment_status":"closed","ping_status":"closed","template":"","meta":{"_acf_changed":false,"footnotes":""},"class_list":["post-117","page","type-page","status-publish","has-post-thumbnail","hentry"],"acf":{"page_subheading":"Find out how you can travel to Berlin most conveniently so that you can begin the stag party as soon as possible."},"_links":{"self":[{"href":"https:\/\/berlin-stag-do.com\/sv\/wp-json\/wp\/v2\/pages\/117","targetHints":{"allow":["GET"]}}],"collection":[{"href":"https:\/\/berlin-stag-do.com\/sv\/wp-json\/wp\/v2\/pages"}],"about":[{"href":"https:\/\/berlin-stag-do.com\/sv\/wp-json\/wp\/v2\/types\/page"}],"author":[{"embeddable":true,"href":"https:\/\/berlin-stag-do.com\/sv\/wp-json\/wp\/v2\/users\/39"}],"replies":[{"embeddable":true,"href":"https:\/\/berlin-stag-do.com\/sv\/wp-json\/wp\/v2\/comments?post=117"}],"version-history":[{"count":5,"href":"https:\/\/berlin-stag-do.com\/sv\/wp-json\/wp\/v2\/pages\/117\/revisions"}],"predecessor-version":[{"id":264,"href":"https:\/\/berlin-stag-do.com\/sv\/wp-json\/wp\/v2\/pages\/117\/revisions\/264"}],"wp:featuredmedia":[{"embeddable":true,"href":"https:\/\/berlin-stag-do.com\/sv\/wp-json\/wp\/v2\/media\/253"}],"wp:attachment":[{"href":"https:\/\/berlin-stag-do.com\/sv\/wp-json\/wp\/v2\/media?parent=117"}],"curies":[{"name":"wp","href":"https:\/\/api.w.org\/{rel}","templated":true}]}}