{"id":111,"date":"2022-12-19T18:41:53","date_gmt":"2022-12-19T18:41:53","guid":{"rendered":"https:\/\/berlin-stag-do.com\/?page_id=111"},"modified":"2022-12-20T09:50:08","modified_gmt":"2022-12-20T09:50:08","slug":"om-berlin","status":"publish","type":"page","link":"https:\/\/berlin-stag-do.com\/sv\/om-berlin\/","title":{"rendered":"Om Berlin"},"content":{"rendered":"<p>Berlin ligger i nord\u00f6stra Tyskland vid floden Spree och har en befolkning p\u00e5 <strong>\u00f6ver 3,7 miljoner m\u00e4nniskor<\/strong> och \u00e4r hem f\u00f6r en m\u00e5ngfald av olika kulturer och samh\u00e4llen. Berlin har allt fr\u00e5n museer och gallerier i v\u00e4rldsklass till ett livligt nattliv och ett uts\u00f6kt k\u00f6k - det finns n\u00e5got f\u00f6r alla i Berlin.<\/p>\n\n\n\n<p>Staden har en l\u00e5ng och komplex historia, eftersom den har varit den <strong>centrum f\u00f6r det politiska och kulturella livet i Tyskland<\/strong> i \u00e5rhundraden. I dag \u00e4r Berlin en blomstrande metropol med en livlig konstscen, en blomstrande startup-kultur och en rik historia som kan utforskas vid varje v\u00e4ndning.<\/p>\n\n\n\n<p>Oavsett om du vill festa med v\u00e4nner, l\u00e4ra dig mer om stadens f\u00f6rflutna eller helt enkelt koppla av och ta del av denna fantastiska plats har Berlin n\u00e5got att erbjuda alla.<\/p>\n\n\n\n<figure class=\"wp-block-image size-large\"><img decoding=\"async\" src=\"https:\/\/berlin-stag-do.com\/wp-content\/uploads\/shutterstock-1-6-1024x481.webp\" alt=\"shutterstock\" class=\"wp-image-249\"\/><figcaption class=\"wp-element-caption\">Branderburg gate<\/figcaption><\/figure>\n\n\n\n<p><\/p>\n\n\n\n<h2 class=\"wp-block-heading\">Hur ser nattlivet ut?<\/h2>\n\n\n\n<p>Berlin \u00e4r k\u00e4nt f\u00f6r sitt livliga och varierande nattliv, med n\u00e5got f\u00f6r alla att njuta av. Fr\u00e5n trendiga klubbar och barer till spelst\u00e4llen med levande musik och fester p\u00e5 taket - staden har ett livligt nattliv som f\u00e5r folk att komma tillbaka f\u00f6r mer.<\/p>\n\n\n\n<p>En av de mest k\u00e4nda destinationerna f\u00f6r nattlivet i Berlin \u00e4r stadsdelen <strong>Neuk\u00f6lln<\/strong>som \u00e4r k\u00e4nd f\u00f6r sin bohemiska atmosf\u00e4r och sina undergroundklubbar. H\u00e4r hittar du en blandning av lokala och internationella DJ:s som spelar en rad olika genrer, fr\u00e5n techno och house till hiphop och indierock.<\/p>\n\n\n\n<p>Om du letar efter en mer exklusiv upplevelse kan du bes\u00f6ka <strong>Stadsdelen Mitte <\/strong>H\u00e4r finns n\u00e5gra av stadens mest exklusiva klubbar och barer d\u00e4r du kan dansa hela natten till de senaste hitsen.<\/p>\n\n\n\n<p>F\u00f6rutom sina klubbar och barer har Berlin ocks\u00e5 en blomstrande scen f\u00f6r livemusik, med ett brett utbud av arenor som visar upp lokala och internationella artister. Fr\u00e5n sm\u00e5, intima klubbar till stora konsertsalar, du hittar en rad olika musikstilar och genrer som passar alla smaker.<\/p>\n\n\n\n<figure class=\"wp-block-image size-large\"><img decoding=\"async\" src=\"https:\/\/berlin-stag-do.com\/wp-content\/uploads\/shutterstock-1-7-1024x683.webp\" alt=\"shutterstock\" class=\"wp-image-250\"\/><figcaption class=\"wp-element-caption\">Berlin \u00e4r k\u00e4nt f\u00f6r sitt mest livliga nattliv i Europa.<\/figcaption><\/figure>\n\n\n\n<p><\/p>\n\n\n\n<h2 class=\"wp-block-heading\">Berlins undergroundscen \u00e4r legendarisk<\/h2>\n\n\n\n<p>Berlin \u00e4r k\u00e4nt f\u00f6r sin underjordiska klubbscen, som har varit <strong>en drivande kraft i stadens pulserande nattliv<\/strong> i \u00e5rtionden. Den underjordiska klubbscenen i Berlin f\u00f6rknippas ofta med technomusik och ravekultur, men du hittar ocks\u00e5 ett brett utbud av andra genrer och stilar, inklusive house, hiphop och indierock.<\/p>\n\n\n\n<p>En av de viktigaste egenskaperna hos Berlins underjordiska klubbscen \u00e4r dess betoning p\u00e5 icke-kommersiella och alternativa arenor. M\u00e5nga av stadens underjordiska klubbar \u00e4r <strong>som \u00e4r bel\u00e4gna i \u00f6vergivna lagerlokaler, k\u00e4llare<\/strong>och andra platser som ligger utanf\u00f6r de upptrampade v\u00e4garna, vilket ger dem en unik och underjordisk k\u00e4nsla.<\/p>\n\n\n\n<p>Fr\u00e5n legendariska klubbar som <strong>Berghain<\/strong> och <strong>Tresor<\/strong>, som har varit i hj\u00e4rtat av stadens technoscen i \u00e5rtionden, till nyare akt\u00f6rer som <strong>Klunkerkranich<\/strong> och <strong>Griessmuehle<\/strong>Det finns n\u00e5got f\u00f6r alla.<\/p>\n\n\n\n<figure class=\"wp-block-image size-large\"><img decoding=\"async\" src=\"https:\/\/berlin-stag-do.com\/wp-content\/uploads\/IMG-1-2-768x1024.webp\" alt=\"IMG\" class=\"wp-image-251\"\/><figcaption class=\"wp-element-caption\">Berlin har en livlig kulturscen<\/figcaption><\/figure>\n\n\n\n<p><\/p>\n\n\n\n<h2 class=\"wp-block-heading\">En svensexa i Berlin kostar inte mycket<\/h2>\n\n\n\n<p>N\u00e4r det g\u00e4ller alkohol hittar du en m\u00e4ngd olika <strong>ett brett utbud av alternativ till olika prisniv\u00e5er<\/strong>. \u00d6l \u00e4r ett popul\u00e4rt val i Berlin, och du hittar en rad lokala och internationella m\u00e4rken p\u00e5 de flesta barer och restauranger.<\/p>\n\n\n\n<p>Priserna f\u00f6r en pint \u00f6l kan variera, men i allm\u00e4nhet kostar det <strong>relativt \u00f6verkomliga priser<\/strong>, s\u00e4rskilt i j\u00e4mf\u00f6relse med andra st\u00f6rre st\u00e4der. Vin och cocktails \u00e4r ocks\u00e5 allm\u00e4nt tillg\u00e4ngliga, och \u00e4ven om de kan vara lite dyrare \u00e4n \u00f6l, hittar du fortfarande m\u00e5nga alternativ till rimliga priser.<\/p>\n\n\n\n<p>N\u00e4r det g\u00e4ller maten finns det i Berlin ett stort utbud av <strong>olika typer av matr\u00e4tter<\/strong>, med n\u00e5got som passar alla smaker och budgetar.<\/p>\n\n\n\n<p>Fr\u00e5n<strong> traditionella tyska r\u00e4tter<\/strong> Du hittar ett brett utbud av alternativ att v\u00e4lja mellan, fr\u00e5n bratwurst och surk\u00e5l till internationella favoriter som pizza och sushi. Staden \u00e4r k\u00e4nd f\u00f6r sina <strong>gatuk\u00f6ksscenen<\/strong>Det finns ett antal popul\u00e4ra gatumatmarknader och food trucks som serverar l\u00e4ckra och prisv\u00e4rda m\u00e5ltider.<\/p>\n\n\n\n<p>Om du planerar en svensexa i denna vackra stad, <a href=\"https:\/\/berlin-stag-do.com\/sv\/\">Berlin Stag Do<\/a> har allt f\u00f6r dig.<\/p>","protected":false},"excerpt":{"rendered":"<p>Berlin ligger i nord\u00f6stra Tyskland vid floden Spree och har en befolkning p\u00e5 \u00f6ver 3,7 miljoner m\u00e4nniskor och \u00e4r hem f\u00f6r en m\u00e5ngsidig blandning av kulturer och samh\u00e4llen. Fr\u00e5n museer och gallerier i v\u00e4rldsklass till ett livligt nattliv och uts\u00f6kt mat - det finns n\u00e5got f\u00f6r alla i Berlin. Staden har en ... <a href=\"https:\/\/berlin-stag-do.com\/sv\/om-berlin\/\">Forts\u00e4ttning<\/a><\/p>","protected":false},"author":39,"featured_media":247,"parent":0,"menu_order":0,"comment_status":"closed","ping_status":"closed","template":"","meta":{"_acf_changed":false,"footnotes":""},"class_list":["post-111","page","type-page","status-publish","has-post-thumbnail","hentry"],"acf":{"page_subheading":"Berlin is the capital and largest city of Germany, known for its vibrant culture and rich history."},"_links":{"self":[{"href":"https:\/\/berlin-stag-do.com\/sv\/wp-json\/wp\/v2\/pages\/111","targetHints":{"allow":["GET"]}}],"collection":[{"href":"https:\/\/berlin-stag-do.com\/sv\/wp-json\/wp\/v2\/pages"}],"about":[{"href":"https:\/\/berlin-stag-do.com\/sv\/wp-json\/wp\/v2\/types\/page"}],"author":[{"embeddable":true,"href":"https:\/\/berlin-stag-do.com\/sv\/wp-json\/wp\/v2\/users\/39"}],"replies":[{"embeddable":true,"href":"https:\/\/berlin-stag-do.com\/sv\/wp-json\/wp\/v2\/comments?post=111"}],"version-history":[{"count":4,"href":"https:\/\/berlin-stag-do.com\/sv\/wp-json\/wp\/v2\/pages\/111\/revisions"}],"predecessor-version":[{"id":252,"href":"https:\/\/berlin-stag-do.com\/sv\/wp-json\/wp\/v2\/pages\/111\/revisions\/252"}],"wp:featuredmedia":[{"embeddable":true,"href":"https:\/\/berlin-stag-do.com\/sv\/wp-json\/wp\/v2\/media\/247"}],"wp:attachment":[{"href":"https:\/\/berlin-stag-do.com\/sv\/wp-json\/wp\/v2\/media?parent=111"}],"curies":[{"name":"wp","href":"https:\/\/api.w.org\/{rel}","templated":true}]}}