{"id":102,"date":"2022-12-19T18:36:45","date_gmt":"2022-12-19T18:36:45","guid":{"rendered":"https:\/\/berlin-stag-do.com\/?page_id=102"},"modified":"2026-02-24T11:48:01","modified_gmt":"2026-02-24T11:48:01","slug":"om-oss","status":"publish","type":"page","link":"https:\/\/berlin-stag-do.com\/sv\/om-oss\/","title":{"rendered":"Om oss"},"content":{"rendered":"<p>Mitt team och jag \u00e4r dedikerade till att hj\u00e4lpa dig att <strong>planera den ultimata svensexanhelgen<\/strong> och se till att du och dina v\u00e4nner f\u00e5r en of\u00f6rgl\u00f6mlig och stressfri upplevelse. Vi \u00e4r fast beslutna att se till att allt g\u00e5r smidigt och att ni f\u00e5r den b\u00e4sta tiden i era liv.<\/p>\n\n\n\n<p>Vi inser att det kan vara en utmaning att organisera en resa, s\u00e4rskilt en svensexor, och att det kan vara en utmaning. Men med v\u00e5r hj\u00e4lp kan du k\u00e4nna dig s\u00e4ker p\u00e5 att allt kommer att sk\u00f6tas effektivt.<\/p>\n\n\n\n<p>Vi hj\u00e4lper dig med f\u00f6ljande <strong>undvika vanliga misstag<\/strong>Du kan till exempel boka ett boende som ligger f\u00f6r l\u00e5ngt fr\u00e5n aktiviteterna, l\u00e4gga ut f\u00f6r mycket pengar p\u00e5 aktiviteterna eller planera n\u00e5got som kr\u00e4ver ett klart sinne efter en kv\u00e4ll med mycket alkohol.<\/p>\n\n\n\n<p>L\u00e5t oss sk\u00f6ta detaljerna och skapa en <strong>noggrant planerad resv\u00e4g<\/strong> som g\u00f6r att du kan fokusera p\u00e5 att fira och ha kul med dina v\u00e4nner.<\/p>\n\n\n\n<figure class=\"wp-block-image size-large\"><img decoding=\"async\" src=\"https:\/\/berlin-stag-do.com\/wp-content\/uploads\/shutterstock-1-4-1024x341.webp\" alt=\"shutterstock\" class=\"wp-image-240\"\/><figcaption class=\"wp-element-caption\">Berlin \u00e4r en stad med ett exceptionellt utbud av landm\u00e4rken.<\/figcaption><\/figure>\n\n\n\n<p><\/p>\n\n\n\n<h2 class=\"wp-block-heading\">M\u00e5nga litar p\u00e5 oss f\u00f6r att organisera sin svensexor<\/h2>\n\n\n\n<p>Sedan 2015 har vi organiserat of\u00f6rgl\u00f6mliga svensexor f\u00f6r v\u00e5ra manliga kunder. Som en <strong>finansiellt skyddat resebolag<\/strong>Du kan lita p\u00e5 att dina pengar alltid \u00e4r s\u00e4kra hos oss.<\/p>\n\n\n\n<p>V\u00e5r <strong>flexibla bokningsalternativ<\/strong> g\u00f6r det m\u00f6jligt f\u00f6r dig att skr\u00e4ddarsy din ungkarlsresa efter dina exakta \u00f6nskem\u00e5l och g\u00f6r det enkelt att planera en fantastisk resa p\u00e5 ett effektivt s\u00e4tt. Vi ser till att din upplevelse blir stressfri och trevlig, s\u00e5 att du kan spara din energi f\u00f6r ditt livs svensexahelg.<\/p>\n\n\n\n<p>Vi kan inte nog rekommendera Berlin.<\/p>\n\n\n\n<p>Det \u00e4r en dynamisk stad och den perfekta platsen f\u00f6r att fira den sista natten i frihet med dina kompisar. Oavsett om du vill g\u00e5 ut p\u00e5 klubbarna och dansa hela natten eller utforska stadens rika kulturhistoria har Berlin n\u00e5got f\u00f6r alla.<\/p>\n\n\n\n<p>Vi \u00e4r stolta \u00f6ver att tillhandah\u00e5lla <strong>Utm\u00e4rkt service till de b\u00e4sta priserna.<\/strong> och uppr\u00e4tth\u00e5lla<strong> <\/strong>starka relationer med v\u00e5ra partnerf\u00f6retag. De erbjuder ett brett utbud av unika aktiviteter som kommer att ge dig m\u00e5nga of\u00f6rgl\u00f6mliga upplevelser. Vi har noggrant valt ut dessa partners eftersom de \u00e5terspeglar v\u00e5rt f\u00f6retags v\u00e4rderingar och erbjuder b\u00e4sta m\u00f6jliga service.<\/p>\n\n\n\n<figure class=\"wp-block-image size-large\"><img decoding=\"async\" src=\"https:\/\/berlin-stag-do.com\/wp-content\/uploads\/IMG--1024x768.webp\" alt=\"IMG\" class=\"wp-image-243\"\/><figcaption class=\"wp-element-caption\">Berlinmuren<\/figcaption><\/figure>\n\n\n\n<h2 class=\"wp-block-heading\">L\u00e5t oss planera dina dr\u00f6mmars svensexor!<\/h2>\n\n\n\n<p>P\u00e5 v\u00e5rt f\u00f6retag f\u00f6rst\u00e5r vi att varje grupp killar \u00e4r unik. Det \u00e4r d\u00e4rf\u00f6r vi tar en <strong>personligt tillv\u00e4gag\u00e5ngss\u00e4tt<\/strong> f\u00f6r att planera din svensexa.<\/p>\n\n\n\n<p>Vi tror att genom att l\u00e4ra k\u00e4nna er grupp och era specifika intressen och \u00f6nskem\u00e5l kan vi skapa en <strong>skr\u00e4ddarsydd och minnesv\u00e4rd upplevelse<\/strong> som verkligen tillgodoser dina behov. S\u00e5 oavsett om du vill ha en vild helg med festande eller en mer l\u00e5gm\u00e4ld fest \u00e4r vi h\u00e4r f\u00f6r att hj\u00e4lpa dig att planera den perfekta svensexan.<\/p>\n\n\n\n<p>Vi kommer att <strong>tillg\u00e4nglig dygnet runt<\/strong> Vi hj\u00e4lper dig med alla fr\u00e5gor och problem som kan uppst\u00e5 och ser till att du har all information du beh\u00f6ver f\u00f6r att f\u00e5 ut det mesta av din tid i Berlin.<\/p>\n\n\n\n<p>Med v\u00e5r expertis och lokalk\u00e4nnedom kan du dessutom <strong>spara b\u00e5de pengar och tid<\/strong> genom att undvika kostsamma misstag och d\u00e5ligt planerade resv\u00e4gar.<\/p>\n\n\n\n<p><a href=\"https:\/\/berlin-stag-do.com\/sv\/forfragan\/\">Fr\u00e5ga nu<\/a>och l\u00e5t oss hj\u00e4lpa dig att planera den ultimata svensexan i Berlin.<\/p>\n\n\n\n<figure class=\"wp-block-image size-large\"><img decoding=\"async\" src=\"https:\/\/berlin-stag-do.com\/wp-content\/uploads\/shutterstock-1-5-1024x683.webp\" alt=\"shutterstock\" class=\"wp-image-244\"\/><figcaption class=\"wp-element-caption\">Berlin p\u00e5 natten<\/figcaption><\/figure>\n\n\n\n<p>Se var du kan \u00e5ka p\u00e5 en svensexa med oss:<\/p>\n\n\n\n<ul class=\"wp-block-list\">\n<li><a href=\"https:\/\/amsterdam-stag-do.com\/\">Amsterdam Stag Do<\/a><\/li>\n\n\n\n<li><a href=\"https:\/\/hamburgstagdo.com\/\">Hamburg Stag Do<\/a><\/li>\n\n\n\n<li><a href=\"https:\/\/hvarstagdo.com\/\">Hvar Stag Do<\/a><\/li>\n\n\n\n<li><a href=\"https:\/\/lisbonstagdo.com\/\">Lissabon Stag Do<\/a><\/li>\n\n\n\n<li><a href=\"https:\/\/munichstagdo.com\/\">M\u00fcnchen Stag Do<\/a><\/li>\n\n\n\n<li><a href=\"https:\/\/prague-stag-do.com\/\">Prag Stag Do<\/a><\/li>\n\n\n\n<li><a href=\"https:\/\/riga-stag-do.com\/\">Riga Stag Do<\/a><\/li>\n\n\n\n<li><a href=\"https:\/\/stagpartyljubljana.com\/\">Stag Party Ljubljana<\/a><\/li>\n\n\n\n<li><a href=\"https:\/\/ibizastagdo.com\">Ibiza Stag Do<\/a><\/li>\n\n\n\n<li><a href=\"https:\/\/benidorm-stag-do.com\/\">Benidorm svensexa<\/a><\/li>\n\n\n\n<li><a href=\"https:\/\/budapest-stag-do.com\/\">Budapest svensexa<\/a><\/li>\n\n\n\n<li><a href=\"https:\/\/stagdovegas.com\/\">Stag Do Vegas<\/a><\/li>\n\n\n\n<li><a href=\"https:\/\/stagdobarcelona.com\/\">Stag Do Barcelona<\/a><\/li>\n\n\n\n<li><a href=\"https:\/\/stagdozagreb.com\/\">Stag Do Zagreb<\/a><\/li>\n\n\n\n<li><a href=\"https:\/\/splitstagdo.com\/\">Split Stag Do<\/a><\/li>\n\n\n\n<li><a href=\"https:\/\/dubrovnikstagdo.com\/\">Dubrovnik svensexa<\/a><\/li>\n\n\n\n<li><a href=\"https:\/\/madridstagdo.com\/\">Madrid svensexa<\/a><\/li>\n\n\n\n<li><a href=\"https:\/\/bucharest-stag-do.com\/\">Bukarest Stag Do<\/a><\/li>\n\n\n\n<li><a href=\"https:\/\/albufeirastagdo.com\/\">Albufeira svensexa<\/a><\/li>\n\n\n\n<li><a href=\"https:\/\/dublinstagdo.com\/\">Dublin svensexa<\/a><\/li>\n\n\n\n<li><a href=\"https:\/\/stagdokrakow.com\/\">Krakow Stag Do<\/a><\/li>\n<\/ul>","protected":false},"excerpt":{"rendered":"<p>Mitt team och jag \u00e4r fast beslutna att hj\u00e4lpa dig att planera den ultimata svensexan och se till att du och dina v\u00e4nner f\u00e5r en of\u00f6rgl\u00f6mlig och stressfri upplevelse. Vi \u00e4r fast beslutna att se till att allt g\u00e5r smidigt och att du f\u00e5r den b\u00e4sta tiden i ditt liv. Vi inser att det \u00e4r sv\u00e5rt att organisera en resa, s\u00e4rskilt en ... <a href=\"https:\/\/berlin-stag-do.com\/sv\/om-oss\/\">Forts\u00e4ttning<\/a><\/p>","protected":false},"author":39,"featured_media":238,"parent":0,"menu_order":0,"comment_status":"closed","ping_status":"closed","template":"","meta":{"_acf_changed":false,"footnotes":""},"class_list":["post-102","page","type-page","status-publish","has-post-thumbnail","hentry"],"acf":{"page_subheading":"Let us help you plan the perfect stag do in Berlin and celebrate this special occasion without any worry \u2014 we are here to make it so."},"_links":{"self":[{"href":"https:\/\/berlin-stag-do.com\/sv\/wp-json\/wp\/v2\/pages\/102","targetHints":{"allow":["GET"]}}],"collection":[{"href":"https:\/\/berlin-stag-do.com\/sv\/wp-json\/wp\/v2\/pages"}],"about":[{"href":"https:\/\/berlin-stag-do.com\/sv\/wp-json\/wp\/v2\/types\/page"}],"author":[{"embeddable":true,"href":"https:\/\/berlin-stag-do.com\/sv\/wp-json\/wp\/v2\/users\/39"}],"replies":[{"embeddable":true,"href":"https:\/\/berlin-stag-do.com\/sv\/wp-json\/wp\/v2\/comments?post=102"}],"version-history":[{"count":15,"href":"https:\/\/berlin-stag-do.com\/sv\/wp-json\/wp\/v2\/pages\/102\/revisions"}],"predecessor-version":[{"id":18970,"href":"https:\/\/berlin-stag-do.com\/sv\/wp-json\/wp\/v2\/pages\/102\/revisions\/18970"}],"wp:featuredmedia":[{"embeddable":true,"href":"https:\/\/berlin-stag-do.com\/sv\/wp-json\/wp\/v2\/media\/238"}],"wp:attachment":[{"href":"https:\/\/berlin-stag-do.com\/sv\/wp-json\/wp\/v2\/media?parent=102"}],"curies":[{"name":"wp","href":"https:\/\/api.w.org\/{rel}","templated":true}]}}