{"id":117,"date":"2022-12-19T18:43:05","date_gmt":"2022-12-19T18:43:05","guid":{"rendered":"https:\/\/berlin-stag-do.com\/?page_id=117"},"modified":"2022-12-20T10:03:32","modified_gmt":"2022-12-20T10:03:32","slug":"come-arrivare-a-berlino","status":"publish","type":"page","link":"https:\/\/berlin-stag-do.com\/it\/come-arrivare-a-berlino\/","title":{"rendered":"Come arrivare a Berlino?"},"content":{"rendered":"<p>Berlino \u00e8 la capitale e la citt\u00e0 pi\u00f9 grande della Germania e si trova nella parte nord-orientale del Paese. \u00c8 ben collegata con vari mezzi di trasporto, il che la rende facilmente raggiungibile da diverse parti del mondo.<\/p>\n\n\n\n<h2 class=\"wp-block-heading\">In aereo<\/h2>\n\n\n\n<p>Berlino ha due aeroporti internazionali: L'aeroporto di Berlino Tegel (TXL) e l'aeroporto di Berlino Sch\u00f6nefeld (SXF). Entrambi gli aeroporti sono situati fuori dal centro della citt\u00e0, ma sono ben collegati con la citt\u00e0 dai mezzi pubblici. Ci sono treni e autobus frequenti che collegano gli aeroporti a varie zone della citt\u00e0 e sono disponibili anche servizi di taxi.<\/p>\n\n\n\n<h2 class=\"wp-block-heading\">In treno<\/h2>\n\n\n\n<p>Berlino ha due stazioni ferroviarie principali: Berlin Hauptbahnhof (stazione principale) e Berlin Ostbahnhof (stazione est). La Hauptbahnhof si trova nel centro della citt\u00e0 ed \u00e8 lo snodo principale per i treni a lunga percorrenza, mentre la Ostbahnhof si trova nella parte orientale della citt\u00e0 ed \u00e8 utilizzata principalmente per i treni regionali. Ci sono anche stazioni ferroviarie pi\u00f9 piccole sparse per la citt\u00e0, quindi \u00e8 facile trovare una stazione ferroviaria vicina alla propria destinazione.<\/p>\n\n\n\n<h2 class=\"wp-block-heading\">In auto<\/h2>\n\n\n\n<p>Berlino \u00e8 facilmente raggiungibile in auto, poich\u00e9 \u00e8 collegata alla rete autostradale tedesca. Se provenite da altre parti della Germania, potete prendere le autostrade A2, A9 o A10 per raggiungere la citt\u00e0. Se provenite da altre parti d'Europa, potete prendere le autostrade E30, E55 o E51 per arrivare a Berlino. In citt\u00e0 ci sono diversi garage e parcheggi, ma \u00e8 importante notare che la guida a Berlino pu\u00f2 essere congestionata, soprattutto nel centro della citt\u00e0.<\/p>\n\n\n\n<h2 class=\"wp-block-heading\">In autobus<\/h2>\n\n\n\n<p>Berlino \u00e8 ben collegata anche con gli autobus, con numerose compagnie che offrono servizi da e per la citt\u00e0. Ci sono diverse stazioni degli autobus in citt\u00e0, tra cui la stazione centrale degli autobus (Zentraler Omnibusbahnhof) situata vicino alla Hauptbahnhof.<\/p>\n\n\n\n<p>In generale, arrivare a Berlino \u00e8 facile e conveniente, grazie agli ottimi collegamenti con i mezzi di trasporto. Ma una volta arrivati, siamo qui per aiutarvi con il vostro <a href=\"https:\/\/berlin-stag-do.com\/it\/trasferimenti\/\">trasferimenti<\/a> per far s\u00ec che il vostro addio al celibato si svolga senza problemi.<\/p>","protected":false},"excerpt":{"rendered":"<p>Berlino \u00e8 la capitale e la citt\u00e0 pi\u00f9 grande della Germania e si trova nella parte nord-orientale del Paese. \u00c8 ben collegata con vari mezzi di trasporto, il che la rende facilmente raggiungibile da diverse parti del mondo. In aereo Berlino ha due aeroporti internazionali: Aeroporto di Berlino Tegel (TXL) e Aeroporto di Berlino Sch\u00f6nefeld ... <a href=\"https:\/\/berlin-stag-do.com\/it\/come-arrivare-a-berlino\/\">Continua<\/a><\/p>","protected":false},"author":39,"featured_media":253,"parent":0,"menu_order":0,"comment_status":"closed","ping_status":"closed","template":"","meta":{"_acf_changed":false,"footnotes":""},"class_list":["post-117","page","type-page","status-publish","has-post-thumbnail","hentry"],"acf":{"page_subheading":"Find out how you can travel to Berlin most conveniently so that you can begin the stag party as soon as possible."},"_links":{"self":[{"href":"https:\/\/berlin-stag-do.com\/it\/wp-json\/wp\/v2\/pages\/117","targetHints":{"allow":["GET"]}}],"collection":[{"href":"https:\/\/berlin-stag-do.com\/it\/wp-json\/wp\/v2\/pages"}],"about":[{"href":"https:\/\/berlin-stag-do.com\/it\/wp-json\/wp\/v2\/types\/page"}],"author":[{"embeddable":true,"href":"https:\/\/berlin-stag-do.com\/it\/wp-json\/wp\/v2\/users\/39"}],"replies":[{"embeddable":true,"href":"https:\/\/berlin-stag-do.com\/it\/wp-json\/wp\/v2\/comments?post=117"}],"version-history":[{"count":5,"href":"https:\/\/berlin-stag-do.com\/it\/wp-json\/wp\/v2\/pages\/117\/revisions"}],"predecessor-version":[{"id":264,"href":"https:\/\/berlin-stag-do.com\/it\/wp-json\/wp\/v2\/pages\/117\/revisions\/264"}],"wp:featuredmedia":[{"embeddable":true,"href":"https:\/\/berlin-stag-do.com\/it\/wp-json\/wp\/v2\/media\/253"}],"wp:attachment":[{"href":"https:\/\/berlin-stag-do.com\/it\/wp-json\/wp\/v2\/media?parent=117"}],"curies":[{"name":"wp","href":"https:\/\/api.w.org\/{rel}","templated":true}]}}