{"id":111,"date":"2022-12-19T18:41:53","date_gmt":"2022-12-19T18:41:53","guid":{"rendered":"https:\/\/berlin-stag-do.com\/?page_id=111"},"modified":"2022-12-20T09:50:08","modified_gmt":"2022-12-20T09:50:08","slug":"su-berlino","status":"publish","type":"page","link":"https:\/\/berlin-stag-do.com\/it\/su-berlino\/","title":{"rendered":"Informazioni su Berlino"},"content":{"rendered":"<p>Situata nella Germania nord-orientale sulle rive del fiume Sprea, Berlino ha una popolazione di <strong>oltre 3,7 milioni di persone<\/strong> ed \u00e8 sede di un mix eterogeneo di culture e comunit\u00e0. Dai suoi musei e gallerie di fama mondiale alla sua vivace vita notturna e alla sua deliziosa cucina, a Berlino ce n'\u00e8 per tutti i gusti.<\/p>\n\n\n\n<p>La citt\u00e0 ha una storia lunga e complessa, essendo stata la sede di <strong>centro della vita politica e culturale della Germania<\/strong> per secoli. Oggi Berlino \u00e8 una metropoli fiorente con una vivace scena artistica, una fiorente cultura delle startup e una ricca storia che pu\u00f2 essere esplorata in ogni angolo.<\/p>\n\n\n\n<p>Che vogliate fare festa con gli amici, conoscere il passato della citt\u00e0 o semplicemente rilassarvi e godervi i panorami e i suoni di questo luogo straordinario, Berlino ha qualcosa da offrire a tutti.<\/p>\n\n\n\n<figure class=\"wp-block-image size-large\"><img decoding=\"async\" src=\"https:\/\/berlin-stag-do.com\/wp-content\/uploads\/shutterstock-1-6-1024x481.webp\" alt=\"shutterstock\" class=\"wp-image-249\"\/><figcaption class=\"wp-element-caption\">Porta Branderburg<\/figcaption><\/figure>\n\n\n\n<p><\/p>\n\n\n\n<h2 class=\"wp-block-heading\">Com'\u00e8 la vita notturna?<\/h2>\n\n\n\n<p>Berlino \u00e8 nota per la sua vivace e variegata vita notturna, che offre qualcosa per tutti i gusti. Dai club e bar alla moda ai locali con musica dal vivo e alle feste sui tetti, la citt\u00e0 offre una vivace scena di vita notturna che non smette di far tornare la gente.<\/p>\n\n\n\n<p>Una delle destinazioni pi\u00f9 famose per la vita notturna di Berlino \u00e8 il quartiere di <strong>Neuk\u00f6lln<\/strong>, nota per la sua atmosfera boh\u00e9mien e i suoi club underground. Qui troverete un mix di DJ locali e internazionali che suonano una vasta gamma di generi, dalla techno e house all'hip-hop e all'indie rock.<\/p>\n\n\n\n<p>Se siete alla ricerca di un'esperienza pi\u00f9 raffinata, l'hotel <strong>Quartiere Mitte <\/strong>\u00e8 sede di alcuni dei club e bar pi\u00f9 esclusivi della citt\u00e0, dove si pu\u00f2 ballare tutta la notte sulle note delle ultime hit.<\/p>\n\n\n\n<p>Oltre ai suoi club e bar, Berlino ospita anche una fiorente scena musicale dal vivo, con un'ampia gamma di locali che presentano artisti locali e internazionali. Dai piccoli club intimi alle grandi sale da concerto, troverete una gamma di stili e generi musicali per tutti i gusti.<\/p>\n\n\n\n<figure class=\"wp-block-image size-large\"><img decoding=\"async\" src=\"https:\/\/berlin-stag-do.com\/wp-content\/uploads\/shutterstock-1-7-1024x683.webp\" alt=\"shutterstock\" class=\"wp-image-250\"\/><figcaption class=\"wp-element-caption\">Berlino \u00e8 nota per la vita notturna pi\u00f9 vivace d'Europa<\/figcaption><\/figure>\n\n\n\n<p><\/p>\n\n\n\n<h2 class=\"wp-block-heading\">La scena underground di Berlino \u00e8 leggendaria<\/h2>\n\n\n\n<p>Berlino \u00e8 nota per la sua scena di club underground, che \u00e8 stata <strong>una forza trainante della vivace vita notturna della citt\u00e0<\/strong> da decenni. La scena dei club underground di Berlino \u00e8 spesso associata alla musica techno e alla cultura rave, ma troverete anche una vasta gamma di altri generi e stili, tra cui house, hip hop e indie rock.<\/p>\n\n\n\n<p>Una delle caratteristiche principali della scena underground berlinese \u00e8 l'enfasi posta sui locali non commerciali e alternativi. Molti dei club underground della citt\u00e0 sono <strong>in magazzini abbandonati, scantinati<\/strong>e altri luoghi poco battuti, che conferiscono loro un'atmosfera unica e underground.<\/p>\n\n\n\n<p>Da club leggendari come <strong>Berghain<\/strong> e <strong>Tresor<\/strong>che sono stati al centro della scena techno della citt\u00e0 per decenni, fino ad arrivare a realt\u00e0 pi\u00f9 recenti come <strong>Klunkerkranich<\/strong> e <strong>Griessmuehle<\/strong>c'\u00e8 qualcosa per tutti i gusti.<\/p>\n\n\n\n<figure class=\"wp-block-image size-large\"><img decoding=\"async\" src=\"https:\/\/berlin-stag-do.com\/wp-content\/uploads\/IMG-1-2-768x1024.webp\" alt=\"IMG\" class=\"wp-image-251\"\/><figcaption class=\"wp-element-caption\">Berlino ha una vivace scena culturale<\/figcaption><\/figure>\n\n\n\n<p><\/p>\n\n\n\n<h2 class=\"wp-block-heading\">L'addio al celibato a Berlino non vi far\u00e0 perdere soldi<\/h2>\n\n\n\n<p>Per quanto riguarda gli alcolici, troverete un <strong>ampia gamma di opzioni a diversi livelli di prezzo<\/strong>. La birra \u00e8 una scelta popolare a Berlino e nella maggior parte dei bar e ristoranti troverete una gamma di marche locali e internazionali.<\/p>\n\n\n\n<p>I prezzi per una pinta di birra possono variare, ma in genere si trova che \u00e8 <strong>relativamente conveniente<\/strong>soprattutto rispetto ad altre grandi citt\u00e0. Anche il vino e i cocktail sono ampiamente disponibili e, sebbene siano un po' pi\u00f9 costosi della birra, troverete comunque molte opzioni a prezzi ragionevoli.<\/p>\n\n\n\n<p>Per quanto riguarda il cibo, Berlino \u00e8 la patria di un <strong>una vasta gamma di cucine<\/strong>con qualcosa che si adatta a tutti i gusti e a tutte le tasche.<\/p>\n\n\n\n<p>Da<strong> piatti tradizionali tedeschi<\/strong> Come i bratwurst e i crauti, fino ai piatti internazionali come la pizza e il sushi, troverete una vasta gamma di opzioni tra cui scegliere. La citt\u00e0 \u00e8 nota per la sua <strong>scena del cibo di strada<\/strong>con una serie di popolari mercati di cibo di strada e food truck che servono pasti deliziosi e convenienti.<\/p>\n\n\n\n<p>Se state pianificando un addio al celibato in questa splendida citt\u00e0, <a href=\"https:\/\/berlin-stag-do.com\/it\/\">Addio al celibato a Berlino<\/a> vi ha coperto.<\/p>","protected":false},"excerpt":{"rendered":"<p>Situata nel nord-est della Germania, sulle rive del fiume Sprea, Berlino ha una popolazione di oltre 3,7 milioni di abitanti e ospita un mix eterogeneo di culture e comunit\u00e0. Dai suoi musei e gallerie di livello mondiale, alla sua vivace vita notturna e alla sua deliziosa cucina, a Berlino c'\u00e8 qualcosa per tutti. La citt\u00e0 ha una ... <a href=\"https:\/\/berlin-stag-do.com\/it\/su-berlino\/\">Continua<\/a><\/p>","protected":false},"author":39,"featured_media":247,"parent":0,"menu_order":0,"comment_status":"closed","ping_status":"closed","template":"","meta":{"_acf_changed":false,"footnotes":""},"class_list":["post-111","page","type-page","status-publish","has-post-thumbnail","hentry"],"acf":{"page_subheading":"Berlin is the capital and largest city of Germany, known for its vibrant culture and rich history."},"_links":{"self":[{"href":"https:\/\/berlin-stag-do.com\/it\/wp-json\/wp\/v2\/pages\/111","targetHints":{"allow":["GET"]}}],"collection":[{"href":"https:\/\/berlin-stag-do.com\/it\/wp-json\/wp\/v2\/pages"}],"about":[{"href":"https:\/\/berlin-stag-do.com\/it\/wp-json\/wp\/v2\/types\/page"}],"author":[{"embeddable":true,"href":"https:\/\/berlin-stag-do.com\/it\/wp-json\/wp\/v2\/users\/39"}],"replies":[{"embeddable":true,"href":"https:\/\/berlin-stag-do.com\/it\/wp-json\/wp\/v2\/comments?post=111"}],"version-history":[{"count":4,"href":"https:\/\/berlin-stag-do.com\/it\/wp-json\/wp\/v2\/pages\/111\/revisions"}],"predecessor-version":[{"id":252,"href":"https:\/\/berlin-stag-do.com\/it\/wp-json\/wp\/v2\/pages\/111\/revisions\/252"}],"wp:featuredmedia":[{"embeddable":true,"href":"https:\/\/berlin-stag-do.com\/it\/wp-json\/wp\/v2\/media\/247"}],"wp:attachment":[{"href":"https:\/\/berlin-stag-do.com\/it\/wp-json\/wp\/v2\/media?parent=111"}],"curies":[{"name":"wp","href":"https:\/\/api.w.org\/{rel}","templated":true}]}}