{"id":102,"date":"2022-12-19T18:36:45","date_gmt":"2022-12-19T18:36:45","guid":{"rendered":"https:\/\/berlin-stag-do.com\/?page_id=102"},"modified":"2026-02-24T11:48:01","modified_gmt":"2026-02-24T11:48:01","slug":"chi-siamo","status":"publish","type":"page","link":"https:\/\/berlin-stag-do.com\/it\/chi-siamo\/","title":{"rendered":"Chi siamo"},"content":{"rendered":"<p>Il mio team ed io ci dedichiamo ad assistervi in <strong>Pianificare il weekend di addio al celibato pi\u00f9 bello<\/strong> e garantire a voi e ai vostri amici un'esperienza indimenticabile e priva di stress. Ci impegniamo a far s\u00ec che tutto fili liscio e che possiate vivere il momento pi\u00f9 bello della vostra vita.<\/p>\n\n\n\n<p>Sappiamo che l'organizzazione di un viaggio, soprattutto di un addio al celibato, pu\u00f2 essere impegnativa. Tuttavia, con il nostro aiuto, potete essere certi che tutto sar\u00e0 gestito in modo efficace.<\/p>\n\n\n\n<p>Vi assisteremo in <strong>evitare gli errori pi\u00f9 comuni<\/strong>Come ad esempio prenotare un alloggio troppo lontano dalle attivit\u00e0, spendere troppi soldi per le attivit\u00e0 o programmare qualcosa che richiede una mente lucida dopo una notte di bevute pesanti.<\/p>\n\n\n\n<p>Permetteteci di occuparci dei dettagli e di creare una <strong>itinerario accuratamente pianificato<\/strong> che vi permetta di concentrarvi sui festeggiamenti e di divertirvi con i vostri amici.<\/p>\n\n\n\n<figure class=\"wp-block-image size-large\"><img decoding=\"async\" src=\"https:\/\/berlin-stag-do.com\/wp-content\/uploads\/shutterstock-1-4-1024x341.webp\" alt=\"shutterstock\" class=\"wp-image-240\"\/><figcaption class=\"wp-element-caption\">Berlino \u00e8 una citt\u00e0 con un'eccezionale gamma di punti di riferimento<\/figcaption><\/figure>\n\n\n\n<p><\/p>\n\n\n\n<h2 class=\"wp-block-heading\">Fiducia da parte di molti nell'organizzazione del loro addio al celibato<\/h2>\n\n\n\n<p>Dal 2015 organizziamo addii al celibato indimenticabili per i nostri clienti uomini. Come <strong>compagnia di viaggio finanziariamente protetta<\/strong>Potete fidarvi del fatto che il vostro denaro sar\u00e0 sempre al sicuro con noi.<\/p>\n\n\n\n<p>Il nostro <strong>opzioni di prenotazione flessibili<\/strong> vi permettono di personalizzare il vostro viaggio di addio al celibato in base alle vostre esatte preferenze e vi facilitano la pianificazione di un viaggio straordinario in modo efficiente. Faremo in modo che la vostra esperienza sia piacevole e senza stress, in modo che possiate risparmiare le vostre energie per il weekend di addio al celibato della vostra vita.<\/p>\n\n\n\n<p>E non raccomanderemo mai abbastanza Berlino.<\/p>\n\n\n\n<p>\u00c8 una citt\u00e0 dinamica e il luogo perfetto per festeggiare l'ultima notte di libert\u00e0 con i vostri amici. Sia che vogliate andare in discoteca e ballare tutta la notte, sia che vogliate esplorare la ricca storia culturale della citt\u00e0, Berlino ha qualcosa per tutti.<\/p>\n\n\n\n<p>Siamo orgogliosi di fornire <strong>servizio eccellente ai migliori prezzi<\/strong> e mantenere<strong> <\/strong>forti relazioni con le nostre aziende partner. Esse offrono un'ampia gamma di attivit\u00e0 uniche che vi faranno vivere esperienze indimenticabili. Abbiamo selezionato con cura questi partner perch\u00e9 riflettono i valori della nostra azienda e forniscono il miglior servizio possibile.<\/p>\n\n\n\n<figure class=\"wp-block-image size-large\"><img decoding=\"async\" src=\"https:\/\/berlin-stag-do.com\/wp-content\/uploads\/IMG--1024x768.webp\" alt=\"IMG\" class=\"wp-image-243\"\/><figcaption class=\"wp-element-caption\">Muro di Berlino<\/figcaption><\/figure>\n\n\n\n<h2 class=\"wp-block-heading\">Organizziamo l'addio al celibato dei vostri sogni!<\/h2>\n\n\n\n<p>Nella nostra azienda sappiamo che ogni gruppo di ragazzi \u00e8 unico. Ecco perch\u00e9 prendiamo in considerazione <strong>approccio personalizzato<\/strong> all'organizzazione del vostro weekend di addio al celibato.<\/p>\n\n\n\n<p>Crediamo che conoscendo il vostro gruppo, i vostri interessi e le vostre preferenze specifiche, potremo creare un <strong>esperienza personalizzata e memorabile<\/strong> che si adatta veramente alle vostre esigenze. Che si tratti di un weekend di festa sfrenata o di una celebrazione pi\u00f9 tranquilla, siamo qui per aiutarvi a organizzare l'addio al celibato perfetto.<\/p>\n\n\n\n<p>Saremo <strong>disponibile 24 ore su 24, 7 giorni su 7<\/strong> per aiutarvi a risolvere qualsiasi problema o domanda e assicurarvi di avere tutte le informazioni necessarie per sfruttare al meglio il vostro soggiorno a Berlino.<\/p>\n\n\n\n<p>Inoltre, grazie alla nostra esperienza e conoscenza del territorio, sarete in grado di <strong>risparmiare denaro e tempo<\/strong> evitando errori costosi e itinerari mal pianificati.<\/p>\n\n\n\n<p><a href=\"https:\/\/berlin-stag-do.com\/it\/inchiesta\/\">Richiedi ora<\/a>e lasciate che vi aiutiamo a pianificare l'addio al celibato berlinese per eccellenza.<\/p>\n\n\n\n<figure class=\"wp-block-image size-large\"><img decoding=\"async\" src=\"https:\/\/berlin-stag-do.com\/wp-content\/uploads\/shutterstock-1-5-1024x683.webp\" alt=\"shutterstock\" class=\"wp-image-244\"\/><figcaption class=\"wp-element-caption\">Berlino di notte<\/figcaption><\/figure>\n\n\n\n<p>Scoprite dove potete andare per un addio al celibato con noi:<\/p>\n\n\n\n<ul class=\"wp-block-list\">\n<li><a href=\"https:\/\/amsterdam-stag-do.com\/\">Addio al celibato ad Amsterdam<\/a><\/li>\n\n\n\n<li><a href=\"https:\/\/hamburgstagdo.com\/\">Addio al celibato ad Amburgo<\/a><\/li>\n\n\n\n<li><a href=\"https:\/\/hvarstagdo.com\/\">Addio al celibato a Hvar<\/a><\/li>\n\n\n\n<li><a href=\"https:\/\/lisbonstagdo.com\/\">Addio al celibato a Lisbona<\/a><\/li>\n\n\n\n<li><a href=\"https:\/\/munichstagdo.com\/\">Addio al celibato a Monaco<\/a><\/li>\n\n\n\n<li><a href=\"https:\/\/prague-stag-do.com\/\">Addio al celibato a Praga<\/a><\/li>\n\n\n\n<li><a href=\"https:\/\/riga-stag-do.com\/\">Addio al celibato a Riga<\/a><\/li>\n\n\n\n<li><a href=\"https:\/\/stagpartyljubljana.com\/\">Addio al celibato a Lubiana<\/a><\/li>\n\n\n\n<li><a href=\"https:\/\/ibizastagdo.com\">Addio al celibato a Ibiza<\/a><\/li>\n\n\n\n<li><a href=\"https:\/\/benidorm-stag-do.com\/\">Addio al celibato a Benidorm<\/a><\/li>\n\n\n\n<li><a href=\"https:\/\/budapest-stag-do.com\/\">Addio al celibato a Budapest<\/a><\/li>\n\n\n\n<li><a href=\"https:\/\/stagdovegas.com\/\">Addio al celibato a Las Vegas<\/a><\/li>\n\n\n\n<li><a href=\"https:\/\/stagdobarcelona.com\/\">Addio al celibato a Barcellona<\/a><\/li>\n\n\n\n<li><a href=\"https:\/\/stagdozagreb.com\/\">Addio al celibato a Zagabria<\/a><\/li>\n\n\n\n<li><a href=\"https:\/\/splitstagdo.com\/\">Addio al celibato a Spalato<\/a><\/li>\n\n\n\n<li><a href=\"https:\/\/dubrovnikstagdo.com\/\">Addio al celibato a Dubrovnik<\/a><\/li>\n\n\n\n<li><a href=\"https:\/\/madridstagdo.com\/\">Addio al celibato a Madrid<\/a><\/li>\n\n\n\n<li><a href=\"https:\/\/bucharest-stag-do.com\/\">Addio al celibato a Bucarest<\/a><\/li>\n\n\n\n<li><a href=\"https:\/\/albufeirastagdo.com\/\">Addio al celibato ad Albufeira<\/a><\/li>\n\n\n\n<li><a href=\"https:\/\/dublinstagdo.com\/\">Addio al celibato a Dublino<\/a><\/li>\n\n\n\n<li><a href=\"https:\/\/stagdokrakow.com\/\">Addio al celibato a Cracovia<\/a><\/li>\n<\/ul>","protected":false},"excerpt":{"rendered":"<p>Io e il mio team ci impegniamo ad assistervi nella pianificazione dell'ultimo weekend di addio al celibato e a garantire a voi e ai vostri amici un'esperienza indimenticabile e priva di stress. Ci impegniamo a fare in modo che tutto si svolga senza intoppi e che possiate trascorrere i momenti pi\u00f9 belli della vostra vita. Siamo consapevoli che l'organizzazione di un viaggio, soprattutto di un ... <a href=\"https:\/\/berlin-stag-do.com\/it\/chi-siamo\/\">Continua<\/a><\/p>","protected":false},"author":39,"featured_media":238,"parent":0,"menu_order":0,"comment_status":"closed","ping_status":"closed","template":"","meta":{"_acf_changed":false,"footnotes":""},"class_list":["post-102","page","type-page","status-publish","has-post-thumbnail","hentry"],"acf":{"page_subheading":"Let us help you plan the perfect stag do in Berlin and celebrate this special occasion without any worry \u2014 we are here to make it so."},"_links":{"self":[{"href":"https:\/\/berlin-stag-do.com\/it\/wp-json\/wp\/v2\/pages\/102","targetHints":{"allow":["GET"]}}],"collection":[{"href":"https:\/\/berlin-stag-do.com\/it\/wp-json\/wp\/v2\/pages"}],"about":[{"href":"https:\/\/berlin-stag-do.com\/it\/wp-json\/wp\/v2\/types\/page"}],"author":[{"embeddable":true,"href":"https:\/\/berlin-stag-do.com\/it\/wp-json\/wp\/v2\/users\/39"}],"replies":[{"embeddable":true,"href":"https:\/\/berlin-stag-do.com\/it\/wp-json\/wp\/v2\/comments?post=102"}],"version-history":[{"count":15,"href":"https:\/\/berlin-stag-do.com\/it\/wp-json\/wp\/v2\/pages\/102\/revisions"}],"predecessor-version":[{"id":18970,"href":"https:\/\/berlin-stag-do.com\/it\/wp-json\/wp\/v2\/pages\/102\/revisions\/18970"}],"wp:featuredmedia":[{"embeddable":true,"href":"https:\/\/berlin-stag-do.com\/it\/wp-json\/wp\/v2\/media\/238"}],"wp:attachment":[{"href":"https:\/\/berlin-stag-do.com\/it\/wp-json\/wp\/v2\/media?parent=102"}],"curies":[{"name":"wp","href":"https:\/\/api.w.org\/{rel}","templated":true}]}}