{"id":117,"date":"2022-12-19T18:43:05","date_gmt":"2022-12-19T18:43:05","guid":{"rendered":"https:\/\/berlin-stag-do.com\/?page_id=117"},"modified":"2022-12-20T10:03:32","modified_gmt":"2022-12-20T10:03:32","slug":"comment-se-rendre-a-berlin","status":"publish","type":"page","link":"https:\/\/berlin-stag-do.com\/fr\/comment-se-rendre-a-berlin\/","title":{"rendered":"Comment se rendre \u00e0 Berlin ?"},"content":{"rendered":"<p>Berlin est la capitale et la plus grande ville d'Allemagne, et elle est situ\u00e9e dans la partie nord-est du pays. Elle est bien desservie par divers modes de transport, ce qui la rend facile \u00e0 atteindre depuis diff\u00e9rentes parties du monde.<\/p>\n\n\n\n<h2 class=\"wp-block-heading\">Par avion<\/h2>\n\n\n\n<p>Berlin poss\u00e8de deux a\u00e9roports internationaux : L'a\u00e9roport de Berlin Tegel (TXL) et l'a\u00e9roport de Berlin Sch\u00f6nefeld (SXF). Les deux a\u00e9roports sont situ\u00e9s en dehors du centre-ville, mais ils sont bien reli\u00e9s \u00e0 la ville par les transports publics. Des trains et des bus fr\u00e9quents relient les a\u00e9roports aux diff\u00e9rents quartiers de la ville, et des services de taxi sont \u00e9galement disponibles.<\/p>\n\n\n\n<h2 class=\"wp-block-heading\">En train<\/h2>\n\n\n\n<p>Berlin poss\u00e8de deux gares ferroviaires principales : Berlin Hauptbahnhof (gare principale) et Berlin Ostbahnhof (gare de l'est). La Hauptbahnhof est situ\u00e9e dans le centre de la ville et constitue la principale plaque tournante des trains longue distance, tandis que la Ostbahnhof est situ\u00e9e dans la partie orientale de la ville et est principalement utilis\u00e9e pour les trains r\u00e9gionaux. Il existe \u00e9galement de plus petites gares diss\u00e9min\u00e9es dans la ville, il est donc facile de trouver une gare proche de votre destination.<\/p>\n\n\n\n<h2 class=\"wp-block-heading\">En voiture<\/h2>\n\n\n\n<p>Berlin est facilement accessible en voiture, car elle est reli\u00e9e au r\u00e9seau autoroutier allemand. Si vous venez d'autres r\u00e9gions d'Allemagne, vous pouvez emprunter les autoroutes A2, A9 ou A10 pour vous rendre dans la ville. Si vous venez d'autres r\u00e9gions d'Europe, vous pouvez emprunter les autoroutes E30, E55 ou E51 pour vous rendre \u00e0 Berlin. Il y a plusieurs parkings et parcs de stationnement dans la ville, mais il est important de noter que la circulation \u00e0 Berlin peut \u00eatre encombr\u00e9e, surtout dans le centre-ville.<\/p>\n\n\n\n<h2 class=\"wp-block-heading\">En bus<\/h2>\n\n\n\n<p>Berlin est \u00e9galement bien desservie par les bus, de nombreuses compagnies de bus proposant des services \u00e0 destination et en provenance de la ville. Il existe plusieurs gares routi\u00e8res dans la ville, dont la gare routi\u00e8re centrale (Zentraler Omnibusbahnhof) situ\u00e9e pr\u00e8s de la Hauptbahnhof.<\/p>\n\n\n\n<p>Dans l'ensemble, il est facile de se rendre \u00e0 Berlin, gr\u00e2ce \u00e0 ses excellentes liaisons de transport. Mais une fois sur place, nous sommes l\u00e0 pour vous aider dans vos d\u00e9marches. <a href=\"https:\/\/berlin-stag-do.com\/fr\/transferts\/\">transferts<\/a> pour que votre enterrement de vie de gar\u00e7on se passe bien.<\/p>","protected":false},"excerpt":{"rendered":"<p>Berlin est la capitale et la plus grande ville d'Allemagne, situ\u00e9e dans le nord-est du pays. Elle est bien desservie par diff\u00e9rents modes de transport, ce qui la rend facile d'acc\u00e8s depuis diff\u00e9rentes parties du monde. Par voie a\u00e9rienne Berlin dispose de deux a\u00e9roports internationaux : L'a\u00e9roport de Berlin Tegel (TXL) et l'a\u00e9roport de Berlin Sch\u00f6nefeld ... <a href=\"https:\/\/berlin-stag-do.com\/fr\/comment-se-rendre-a-berlin\/\">Suite<\/a><\/p>","protected":false},"author":39,"featured_media":253,"parent":0,"menu_order":0,"comment_status":"closed","ping_status":"closed","template":"","meta":{"_acf_changed":false,"footnotes":""},"class_list":["post-117","page","type-page","status-publish","has-post-thumbnail","hentry"],"acf":{"page_subheading":"Find out how you can travel to Berlin most conveniently so that you can begin the stag party as soon as possible."},"_links":{"self":[{"href":"https:\/\/berlin-stag-do.com\/fr\/wp-json\/wp\/v2\/pages\/117","targetHints":{"allow":["GET"]}}],"collection":[{"href":"https:\/\/berlin-stag-do.com\/fr\/wp-json\/wp\/v2\/pages"}],"about":[{"href":"https:\/\/berlin-stag-do.com\/fr\/wp-json\/wp\/v2\/types\/page"}],"author":[{"embeddable":true,"href":"https:\/\/berlin-stag-do.com\/fr\/wp-json\/wp\/v2\/users\/39"}],"replies":[{"embeddable":true,"href":"https:\/\/berlin-stag-do.com\/fr\/wp-json\/wp\/v2\/comments?post=117"}],"version-history":[{"count":5,"href":"https:\/\/berlin-stag-do.com\/fr\/wp-json\/wp\/v2\/pages\/117\/revisions"}],"predecessor-version":[{"id":264,"href":"https:\/\/berlin-stag-do.com\/fr\/wp-json\/wp\/v2\/pages\/117\/revisions\/264"}],"wp:featuredmedia":[{"embeddable":true,"href":"https:\/\/berlin-stag-do.com\/fr\/wp-json\/wp\/v2\/media\/253"}],"wp:attachment":[{"href":"https:\/\/berlin-stag-do.com\/fr\/wp-json\/wp\/v2\/media?parent=117"}],"curies":[{"name":"wp","href":"https:\/\/api.w.org\/{rel}","templated":true}]}}