{"id":111,"date":"2022-12-19T18:41:53","date_gmt":"2022-12-19T18:41:53","guid":{"rendered":"https:\/\/berlin-stag-do.com\/?page_id=111"},"modified":"2022-12-20T09:50:08","modified_gmt":"2022-12-20T09:50:08","slug":"a-propos-de-berlin","status":"publish","type":"page","link":"https:\/\/berlin-stag-do.com\/fr\/a-propos-de-berlin\/","title":{"rendered":"\u00c0 propos de Berlin"},"content":{"rendered":"<p>Situ\u00e9e dans le nord-est de l'Allemagne, sur les rives de la rivi\u00e8re Spree, Berlin a une population de 1,5 million d'habitants. <strong>plus de 3,7 millions de personnes<\/strong> et abrite un m\u00e9lange diversifi\u00e9 de cultures et de communaut\u00e9s. De ses mus\u00e9es et galeries de classe mondiale \u00e0 sa vie nocturne anim\u00e9e et sa d\u00e9licieuse cuisine, il y a quelque chose pour tout le monde \u00e0 Berlin.<\/p>\n\n\n\n<p>La ville a une histoire longue et complexe, puisqu'elle a \u00e9t\u00e9 la <strong>centre de la vie politique et culturelle en Allemagne<\/strong> depuis des si\u00e8cles. Aujourd'hui, Berlin est une m\u00e9tropole prosp\u00e8re avec une sc\u00e8ne artistique dynamique, une culture de startup florissante et une histoire riche qui peut \u00eatre explor\u00e9e \u00e0 chaque tournant.<\/p>\n\n\n\n<p>Que vous souhaitiez faire la f\u00eate avec des amis, d\u00e9couvrir le pass\u00e9 de la ville ou simplement vous d\u00e9tendre et profiter des paysages et des sons de cet endroit \u00e9tonnant, Berlin a quelque chose \u00e0 offrir \u00e0 chacun.<\/p>\n\n\n\n<figure class=\"wp-block-image size-large\"><img decoding=\"async\" src=\"https:\/\/berlin-stag-do.com\/wp-content\/uploads\/shutterstock-1-6-1024x481.webp\" alt=\"shutterstock\" class=\"wp-image-249\"\/><figcaption class=\"wp-element-caption\">Porte de Branderburg<\/figcaption><\/figure>\n\n\n\n<p><\/p>\n\n\n\n<h2 class=\"wp-block-heading\">Comment est la vie nocturne ?<\/h2>\n\n\n\n<p>Berlin est connue pour sa vie nocturne dynamique et diversifi\u00e9e, avec quelque chose \u00e0 appr\u00e9cier pour tout le monde. Des clubs et bars branch\u00e9s aux lieux de musique live et aux soir\u00e9es sur les toits, la ville poss\u00e8de une sc\u00e8ne nocturne anim\u00e9e qui incite les gens \u00e0 revenir.<\/p>\n\n\n\n<p>L'une des destinations les plus c\u00e9l\u00e8bres de la vie nocturne \u00e0 Berlin est le district de <strong>Neuk\u00f6lln<\/strong>qui est connu pour son atmosph\u00e8re boh\u00e8me et ses clubs underground. Vous y trouverez un m\u00e9lange de DJs locaux et internationaux qui font tourner une vari\u00e9t\u00e9 de genres, de la techno et de la house au hip-hop et au rock ind\u00e9pendant.<\/p>\n\n\n\n<p>Si vous \u00eates \u00e0 la recherche d'une exp\u00e9rience plus haut de gamme, les <strong>Quartier Mitte <\/strong>abrite certains des clubs et bars les plus exclusifs de la ville, o\u00f9 vous pourrez danser toute la nuit sur les derniers tubes.<\/p>\n\n\n\n<p>En plus de ses clubs et de ses bars, Berlin abrite \u00e9galement une sc\u00e8ne musicale vivante et florissante, avec un large \u00e9ventail de lieux pr\u00e9sentant des spectacles locaux et internationaux. Des petits clubs intimes aux grandes salles de concert, vous trouverez un \u00e9ventail de styles et de genres musicaux pour tous les go\u00fbts.<\/p>\n\n\n\n<figure class=\"wp-block-image size-large\"><img decoding=\"async\" src=\"https:\/\/berlin-stag-do.com\/wp-content\/uploads\/shutterstock-1-7-1024x683.webp\" alt=\"shutterstock\" class=\"wp-image-250\"\/><figcaption class=\"wp-element-caption\">Berlin est connue pour sa vie nocturne la plus anim\u00e9e d'Europe.<\/figcaption><\/figure>\n\n\n\n<p><\/p>\n\n\n\n<h2 class=\"wp-block-heading\">La sc\u00e8ne underground de Berlin est l\u00e9gendaire<\/h2>\n\n\n\n<p>Berlin est connue pour sa sc\u00e8ne de clubs underground, qui a \u00e9t\u00e9 <strong>un \u00e9l\u00e9ment moteur de la vie nocturne dynamique de la ville<\/strong> depuis des d\u00e9cennies. La sc\u00e8ne underground des clubs de Berlin est souvent associ\u00e9e \u00e0 la musique techno et \u00e0 la culture rave, mais vous trouverez \u00e9galement un large \u00e9ventail d'autres genres et styles, notamment la house, le hip hop et le rock ind\u00e9pendant.<\/p>\n\n\n\n<p>L'une des principales caract\u00e9ristiques de la sc\u00e8ne underground berlinoise est l'accent mis sur les lieux non commerciaux et alternatifs. La plupart des clubs underground de la ville sont <strong>situ\u00e9s dans des entrep\u00f4ts abandonn\u00e9s, des sous-sols<\/strong>et d'autres lieux hors des sentiers battus, ce qui leur conf\u00e8re un caract\u00e8re unique et underground.<\/p>\n\n\n\n<p>Des clubs l\u00e9gendaires comme <strong>Berghain<\/strong> et <strong>Tresor<\/strong>qui sont au c\u0153ur de la sc\u00e8ne techno de la ville depuis des d\u00e9cennies, et d'autres, plus r\u00e9cents, tels que <strong>Klunkerkranich<\/strong> et <strong>Griessmuehle<\/strong>Il y en a pour tous les go\u00fbts.<\/p>\n\n\n\n<figure class=\"wp-block-image size-large\"><img decoding=\"async\" src=\"https:\/\/berlin-stag-do.com\/wp-content\/uploads\/IMG-1-2-768x1024.webp\" alt=\"IMG\" class=\"wp-image-251\"\/><figcaption class=\"wp-element-caption\">Une sc\u00e8ne culturelle dynamique \u00e0 Berlin<\/figcaption><\/figure>\n\n\n\n<p><\/p>\n\n\n\n<h2 class=\"wp-block-heading\">Un enterrement de vie de gar\u00e7on \u00e0 Berlin ne co\u00fbtera pas cher.<\/h2>\n\n\n\n<p>En ce qui concerne l'alcool, vous trouverez une <strong>un large \u00e9ventail d'options \u00e0 diff\u00e9rents niveaux de prix<\/strong>. La bi\u00e8re est un choix populaire \u00e0 Berlin, et vous trouverez une gamme de marques locales et internationales dans la plupart des bars et restaurants.<\/p>\n\n\n\n<p>Les prix d'une pinte de bi\u00e8re peuvent varier, mais vous trouverez g\u00e9n\u00e9ralement que c'est <strong>relativement abordable<\/strong>La consommation de vin est tr\u00e8s \u00e9lev\u00e9e, surtout si on la compare \u00e0 celle d'autres grandes villes. Le vin et les cocktails sont \u00e9galement tr\u00e8s r\u00e9pandus et, bien qu'ils soient un peu plus chers que la bi\u00e8re, vous trouverez toujours de nombreuses options \u00e0 des prix raisonnables.<\/p>\n\n\n\n<p>En ce qui concerne la nourriture, Berlin abrite une <strong>un large \u00e9ventail de cuisines<\/strong>Il y en a pour tous les go\u00fbts et tous les budgets.<\/p>\n\n\n\n<p>De<strong> les plats traditionnels allemands<\/strong> comme la bratwurst et la choucroute, aux favoris internationaux comme la pizza et le sushi, vous trouverez un large \u00e9ventail d'options parmi lesquelles choisir. La ville est connue pour ses <strong>sc\u00e8ne de la cuisine de rue<\/strong>Les march\u00e9s de rue et les camions-restaurants proposent des repas d\u00e9licieux et abordables.<\/p>\n\n\n\n<p>Si vous pr\u00e9voyez un enterrement de vie de gar\u00e7on dans cette belle ville, <a href=\"https:\/\/berlin-stag-do.com\/fr\/\">Enterrement de vie de gar\u00e7on \u00e0 Berlin<\/a> s'occupe de vous.<\/p>","protected":false},"excerpt":{"rendered":"<p>Situ\u00e9e dans le nord-est de l'Allemagne, sur les rives de la Spree, Berlin compte plus de 3,7 millions d'habitants et abrite un m\u00e9lange vari\u00e9 de cultures et de communaut\u00e9s. De ses mus\u00e9es et galeries d'art de renomm\u00e9e mondiale \u00e0 sa vie nocturne anim\u00e9e et \u00e0 sa d\u00e9licieuse cuisine, il y en a pour tous les go\u00fbts \u00e0 Berlin. La ville poss\u00e8de un ... <a href=\"https:\/\/berlin-stag-do.com\/fr\/a-propos-de-berlin\/\">Suite<\/a><\/p>","protected":false},"author":39,"featured_media":247,"parent":0,"menu_order":0,"comment_status":"closed","ping_status":"closed","template":"","meta":{"_acf_changed":false,"footnotes":""},"class_list":["post-111","page","type-page","status-publish","has-post-thumbnail","hentry"],"acf":{"page_subheading":"Berlin is the capital and largest city of Germany, known for its vibrant culture and rich history."},"_links":{"self":[{"href":"https:\/\/berlin-stag-do.com\/fr\/wp-json\/wp\/v2\/pages\/111","targetHints":{"allow":["GET"]}}],"collection":[{"href":"https:\/\/berlin-stag-do.com\/fr\/wp-json\/wp\/v2\/pages"}],"about":[{"href":"https:\/\/berlin-stag-do.com\/fr\/wp-json\/wp\/v2\/types\/page"}],"author":[{"embeddable":true,"href":"https:\/\/berlin-stag-do.com\/fr\/wp-json\/wp\/v2\/users\/39"}],"replies":[{"embeddable":true,"href":"https:\/\/berlin-stag-do.com\/fr\/wp-json\/wp\/v2\/comments?post=111"}],"version-history":[{"count":4,"href":"https:\/\/berlin-stag-do.com\/fr\/wp-json\/wp\/v2\/pages\/111\/revisions"}],"predecessor-version":[{"id":252,"href":"https:\/\/berlin-stag-do.com\/fr\/wp-json\/wp\/v2\/pages\/111\/revisions\/252"}],"wp:featuredmedia":[{"embeddable":true,"href":"https:\/\/berlin-stag-do.com\/fr\/wp-json\/wp\/v2\/media\/247"}],"wp:attachment":[{"href":"https:\/\/berlin-stag-do.com\/fr\/wp-json\/wp\/v2\/media?parent=111"}],"curies":[{"name":"wp","href":"https:\/\/api.w.org\/{rel}","templated":true}]}}