{"id":102,"date":"2022-12-19T18:36:45","date_gmt":"2022-12-19T18:36:45","guid":{"rendered":"https:\/\/berlin-stag-do.com\/?page_id=102"},"modified":"2026-02-24T11:48:01","modified_gmt":"2026-02-24T11:48:01","slug":"a-propos-de-nous","status":"publish","type":"page","link":"https:\/\/berlin-stag-do.com\/fr\/a-propos-de-nous\/","title":{"rendered":"A propos de nous"},"content":{"rendered":"<p>Mon \u00e9quipe et moi-m\u00eame avons pour mission de vous aider \u00e0 <strong>organiser l'ultime week-end d'enterrement de vie de gar\u00e7on<\/strong> et veiller \u00e0 ce que vous et vos amis viviez une exp\u00e9rience inoubliable et sans stress. Nous nous engageons \u00e0 faire en sorte que tout se passe bien et que vous passiez le meilleur moment de votre vie.<\/p>\n\n\n\n<p>Nous sommes conscients que l'organisation d'un voyage, en particulier d'un enterrement de vie de gar\u00e7on, peut \u00eatre difficile. Cependant, avec notre aide, vous pouvez \u00eatre s\u00fbr que tout sera g\u00e9r\u00e9 efficacement.<\/p>\n\n\n\n<p>Nous vous aiderons \u00e0 <strong>\u00e9viter les erreurs courantes<\/strong>Vous pouvez par exemple r\u00e9server un h\u00e9bergement trop \u00e9loign\u00e9 des activit\u00e9s, d\u00e9penser trop d'argent pour les activit\u00e9s ou programmer une activit\u00e9 qui n\u00e9cessite d'avoir l'esprit clair apr\u00e8s une nuit de forte consommation d'alcool.<\/p>\n\n\n\n<p>Laissez-nous nous occuper des d\u00e9tails et cr\u00e9er un <strong>itin\u00e9raire soigneusement planifi\u00e9<\/strong> qui vous permet de vous concentrer sur la f\u00eate et de passer un bon moment avec vos amis.<\/p>\n\n\n\n<figure class=\"wp-block-image size-large\"><img decoding=\"async\" src=\"https:\/\/berlin-stag-do.com\/wp-content\/uploads\/shutterstock-1-4-1024x341.webp\" alt=\"shutterstock\" class=\"wp-image-240\"\/><figcaption class=\"wp-element-caption\">Berlin est une ville avec une gamme exceptionnelle de points de rep\u00e8re<\/figcaption><\/figure>\n\n\n\n<p><\/p>\n\n\n\n<h2 class=\"wp-block-heading\">De nombreuses personnes nous font confiance pour organiser leur enterrement de vie de gar\u00e7on.<\/h2>\n\n\n\n<p>Depuis 2015, nous organisons des enterrements de vie de gar\u00e7on inoubliables pour nos clients masculins. En tant que <strong>entreprise de voyage financi\u00e8rement prot\u00e9g\u00e9e<\/strong>Vous pouvez \u00eatre s\u00fbr que votre argent sera toujours en s\u00e9curit\u00e9 chez nous.<\/p>\n\n\n\n<p>Notre site <strong>options de r\u00e9servation flexibles<\/strong> vous permettent de personnaliser votre voyage d'enterrement de vie de gar\u00e7on selon vos pr\u00e9f\u00e9rences exactes et facilitent la planification efficace d'un voyage extraordinaire. Nous ferons en sorte que votre exp\u00e9rience soit sans stress et agr\u00e9able, afin que vous puissiez garder votre \u00e9nergie pour l'enterrement de vie de gar\u00e7on de votre vie.<\/p>\n\n\n\n<p>Et nous ne saurions trop recommander Berlin.<\/p>\n\n\n\n<p>C'est une ville dynamique et l'endroit id\u00e9al pour c\u00e9l\u00e9brer votre derni\u00e8re nuit de libert\u00e9 avec vos amis. Que vous souhaitiez sortir dans les clubs et danser toute la nuit ou explorer la riche histoire culturelle de la ville, Berlin a quelque chose \u00e0 offrir \u00e0 chacun.<\/p>\n\n\n\n<p>Nous sommes fiers de fournir <strong>un excellent service aux meilleurs prix<\/strong> et maintenir<strong> <\/strong>des relations solides avec nos entreprises partenaires. Elles proposent un large \u00e9ventail d'activit\u00e9s uniques qui vous feront vivre des exp\u00e9riences inoubliables. Nous avons soigneusement s\u00e9lectionn\u00e9 ces partenaires car ils refl\u00e8tent les valeurs de notre entreprise et fournissent le meilleur service possible.<\/p>\n\n\n\n<figure class=\"wp-block-image size-large\"><img decoding=\"async\" src=\"https:\/\/berlin-stag-do.com\/wp-content\/uploads\/IMG--1024x768.webp\" alt=\"IMG\" class=\"wp-image-243\"\/><figcaption class=\"wp-element-caption\">mur de Berlin<\/figcaption><\/figure>\n\n\n\n<h2 class=\"wp-block-heading\">Laissez-nous organiser l'enterrement de vie de gar\u00e7on de vos r\u00eaves !<\/h2>\n\n\n\n<p>Dans notre entreprise, nous comprenons que chaque groupe de gar\u00e7ons est unique. C'est pourquoi nous prenons <strong>approche personnalis\u00e9e<\/strong> pour planifier votre week-end d'enterrement de vie de gar\u00e7on.<\/p>\n\n\n\n<p>Nous pensons qu'en apprenant \u00e0 conna\u00eetre votre groupe ainsi que vos int\u00e9r\u00eats et pr\u00e9f\u00e9rences sp\u00e9cifiques, nous pouvons cr\u00e9er un programme d'\u00e9change d'informations. <strong>une exp\u00e9rience personnalis\u00e9e et m\u00e9morable<\/strong> qui r\u00e9pond vraiment \u00e0 vos besoins. Que vous souhaitiez un week-end de f\u00eate ou une c\u00e9l\u00e9bration plus discr\u00e8te, nous sommes l\u00e0 pour vous aider \u00e0 organiser l'enterrement de vie de gar\u00e7on parfait.<\/p>\n\n\n\n<p>Nous serons <strong>disponible 24\/7<\/strong> pour vous aider \u00e0 r\u00e9pondre \u00e0 toute question ou probl\u00e8me qui pourrait survenir et s'assurer que vous disposez de toutes les informations dont vous avez besoin pour profiter au maximum de votre s\u00e9jour \u00e0 Berlin.<\/p>\n\n\n\n<p>De plus, gr\u00e2ce \u00e0 notre expertise et \u00e0 nos connaissances locales, vous pourrez <strong>\u00e9conomiser de l'argent et du temps<\/strong> en \u00e9vitant les erreurs co\u00fbteuses et les itin\u00e9raires mal planifi\u00e9s.<\/p>\n\n\n\n<p><a href=\"https:\/\/berlin-stag-do.com\/fr\/enquete\/\">Demande d'informations<\/a>et laissez-nous vous aider \u00e0 organiser l'ultime enterrement de vie de gar\u00e7on \u00e0 Berlin.<\/p>\n\n\n\n<figure class=\"wp-block-image size-large\"><img decoding=\"async\" src=\"https:\/\/berlin-stag-do.com\/wp-content\/uploads\/shutterstock-1-5-1024x683.webp\" alt=\"shutterstock\" class=\"wp-image-244\"\/><figcaption class=\"wp-element-caption\">Berlin de nuit<\/figcaption><\/figure>\n\n\n\n<p>D\u00e9couvrez les autres endroits o\u00f9 vous pouvez vous rendre pour un enterrement de vie de gar\u00e7on avec nous :<\/p>\n\n\n\n<ul class=\"wp-block-list\">\n<li><a href=\"https:\/\/amsterdam-stag-do.com\/\">Enterrement de vie de gar\u00e7on \u00e0 Amsterdam<\/a><\/li>\n\n\n\n<li><a href=\"https:\/\/hamburgstagdo.com\/\">Hambourg Enterrement de vie de gar\u00e7on<\/a><\/li>\n\n\n\n<li><a href=\"https:\/\/hvarstagdo.com\/\">Enterrement de vie de gar\u00e7on \u00e0 Hvar<\/a><\/li>\n\n\n\n<li><a href=\"https:\/\/lisbonstagdo.com\/\">Enterrement de vie de gar\u00e7on \u00e0 Lisbonne<\/a><\/li>\n\n\n\n<li><a href=\"https:\/\/munichstagdo.com\/\">Enterrement de vie de gar\u00e7on \u00e0 Munich<\/a><\/li>\n\n\n\n<li><a href=\"https:\/\/prague-stag-do.com\/\">Enterrement de vie de gar\u00e7on \u00e0 Prague<\/a><\/li>\n\n\n\n<li><a href=\"https:\/\/riga-stag-do.com\/\">Enterrement de vie de gar\u00e7on \u00e0 Riga<\/a><\/li>\n\n\n\n<li><a href=\"https:\/\/stagpartyljubljana.com\/\">Enterrement de vie de gar\u00e7on \u00e0 Ljubljana<\/a><\/li>\n\n\n\n<li><a href=\"https:\/\/ibizastagdo.com\">Enterrement de vie de gar\u00e7on \u00e0 Ibiza<\/a><\/li>\n\n\n\n<li><a href=\"https:\/\/benidorm-stag-do.com\/\">Enterrement de vie de gar\u00e7on \u00e0 Benidorm<\/a><\/li>\n\n\n\n<li><a href=\"https:\/\/budapest-stag-do.com\/\">Enterrement de vie de gar\u00e7on \u00e0 Budapest<\/a><\/li>\n\n\n\n<li><a href=\"https:\/\/stagdovegas.com\/\">Enterrement de vie de gar\u00e7on \u00e0 Vegas<\/a><\/li>\n\n\n\n<li><a href=\"https:\/\/stagdobarcelona.com\/\">Enterrement de vie de gar\u00e7on \u00e0 Barcelone<\/a><\/li>\n\n\n\n<li><a href=\"https:\/\/stagdozagreb.com\/\">Enterrement de vie de gar\u00e7on \u00e0 Zagreb<\/a><\/li>\n\n\n\n<li><a href=\"https:\/\/splitstagdo.com\/\">Enterrement de vie de gar\u00e7on \u00e0 Split<\/a><\/li>\n\n\n\n<li><a href=\"https:\/\/dubrovnikstagdo.com\/\">Enterrement de vie de gar\u00e7on \u00e0 Dubrovnik<\/a><\/li>\n\n\n\n<li><a href=\"https:\/\/madridstagdo.com\/\">Enterrement de vie de gar\u00e7on \u00e0 Madrid<\/a><\/li>\n\n\n\n<li><a href=\"https:\/\/bucharest-stag-do.com\/\">Enterrement de vie de gar\u00e7on \u00e0 Bucarest<\/a><\/li>\n\n\n\n<li><a href=\"https:\/\/albufeirastagdo.com\/\">Enterrement de vie de gar\u00e7on \u00e0 Albufeira<\/a><\/li>\n\n\n\n<li><a href=\"https:\/\/dublinstagdo.com\/\">Enterrement de vie de gar\u00e7on \u00e0 Dublin<\/a><\/li>\n\n\n\n<li><a href=\"https:\/\/stagdokrakow.com\/\">Enterrement de vie de gar\u00e7on \u00e0 Cracovie<\/a><\/li>\n<\/ul>","protected":false},"excerpt":{"rendered":"<p>Mon \u00e9quipe et moi-m\u00eame nous engageons \u00e0 vous aider \u00e0 planifier le meilleur week-end pour enterrement de vie de gar\u00e7on et \u00e0 faire en sorte que vous et vos amis viviez une exp\u00e9rience inoubliable et sans stress. Nous nous engageons \u00e0 faire en sorte que tout se passe bien et que vous passiez le meilleur moment de votre vie. Nous sommes conscients que l'organisation d'un voyage, en particulier d'un ... <a href=\"https:\/\/berlin-stag-do.com\/fr\/a-propos-de-nous\/\">Suite<\/a><\/p>","protected":false},"author":39,"featured_media":238,"parent":0,"menu_order":0,"comment_status":"closed","ping_status":"closed","template":"","meta":{"_acf_changed":false,"footnotes":""},"class_list":["post-102","page","type-page","status-publish","has-post-thumbnail","hentry"],"acf":{"page_subheading":"Let us help you plan the perfect stag do in Berlin and celebrate this special occasion without any worry \u2014 we are here to make it so."},"_links":{"self":[{"href":"https:\/\/berlin-stag-do.com\/fr\/wp-json\/wp\/v2\/pages\/102","targetHints":{"allow":["GET"]}}],"collection":[{"href":"https:\/\/berlin-stag-do.com\/fr\/wp-json\/wp\/v2\/pages"}],"about":[{"href":"https:\/\/berlin-stag-do.com\/fr\/wp-json\/wp\/v2\/types\/page"}],"author":[{"embeddable":true,"href":"https:\/\/berlin-stag-do.com\/fr\/wp-json\/wp\/v2\/users\/39"}],"replies":[{"embeddable":true,"href":"https:\/\/berlin-stag-do.com\/fr\/wp-json\/wp\/v2\/comments?post=102"}],"version-history":[{"count":15,"href":"https:\/\/berlin-stag-do.com\/fr\/wp-json\/wp\/v2\/pages\/102\/revisions"}],"predecessor-version":[{"id":18970,"href":"https:\/\/berlin-stag-do.com\/fr\/wp-json\/wp\/v2\/pages\/102\/revisions\/18970"}],"wp:featuredmedia":[{"embeddable":true,"href":"https:\/\/berlin-stag-do.com\/fr\/wp-json\/wp\/v2\/media\/238"}],"wp:attachment":[{"href":"https:\/\/berlin-stag-do.com\/fr\/wp-json\/wp\/v2\/media?parent=102"}],"curies":[{"name":"wp","href":"https:\/\/api.w.org\/{rel}","templated":true}]}}