{"id":117,"date":"2022-12-19T18:43:05","date_gmt":"2022-12-19T18:43:05","guid":{"rendered":"https:\/\/berlin-stag-do.com\/?page_id=117"},"modified":"2022-12-20T10:03:32","modified_gmt":"2022-12-20T10:03:32","slug":"como-llegar-a-berlin","status":"publish","type":"page","link":"https:\/\/berlin-stag-do.com\/es\/como-llegar-a-berlin\/","title":{"rendered":"\u00bfC\u00f3mo llegar a Berl\u00edn?"},"content":{"rendered":"<p>Berl\u00edn es la capital y la ciudad m\u00e1s grande de Alemania, y est\u00e1 situada en el noreste del pa\u00eds. Est\u00e1 bien comunicada por diversos medios de transporte, lo que facilita el acceso desde distintas partes del mundo.<\/p>\n\n\n\n<h2 class=\"wp-block-heading\">En avi\u00f3n<\/h2>\n\n\n\n<p>Berl\u00edn cuenta con dos aeropuertos internacionales: Aeropuerto de Berl\u00edn Tegel (TXL) y Aeropuerto de Berl\u00edn Sch\u00f6nefeld (SXF). Ambos aeropuertos est\u00e1n situados fuera del centro de la ciudad, pero est\u00e1n bien comunicados por transporte p\u00fablico. Hay trenes y autobuses frecuentes que van de los aeropuertos a varias partes de la ciudad, y tambi\u00e9n hay servicios de taxi.<\/p>\n\n\n\n<h2 class=\"wp-block-heading\">En tren<\/h2>\n\n\n\n<p>Berl\u00edn tiene dos estaciones principales: Berlin Hauptbahnhof (estaci\u00f3n principal) y Berlin Ostbahnhof (estaci\u00f3n del este). La Hauptbahnhof est\u00e1 situada en el centro de la ciudad y es el principal nudo de trenes de larga distancia, mientras que la Ostbahnhof se encuentra en la parte oriental de la ciudad y se utiliza principalmente para trenes regionales. Tambi\u00e9n hay estaciones m\u00e1s peque\u00f1as repartidas por toda la ciudad, por lo que es f\u00e1cil encontrar una estaci\u00f3n cercana a su destino.<\/p>\n\n\n\n<h2 class=\"wp-block-heading\">En coche<\/h2>\n\n\n\n<p>Berl\u00edn es f\u00e1cilmente accesible en coche, ya que est\u00e1 conectada a la red de autopistas alemanas. Si viene de otras partes de Alemania, puede tomar las autopistas A2, A9 o A10 para llegar a la ciudad. Si viene de otras partes de Europa, puede tomar las autopistas E30, E55 o E51 para llegar a Berl\u00edn. Hay varios aparcamientos en la ciudad, pero es importante tener en cuenta que la conducci\u00f3n en Berl\u00edn puede estar congestionada, especialmente en el centro.<\/p>\n\n\n\n<h2 class=\"wp-block-heading\">En autob\u00fas<\/h2>\n\n\n\n<p>Berl\u00edn tambi\u00e9n est\u00e1 bien comunicada por autob\u00fas, ya que numerosas compa\u00f1\u00edas ofrecen servicios desde y hacia la ciudad. Hay varias estaciones de autobuses en la ciudad, incluida la estaci\u00f3n central de autobuses (Zentraler Omnibusbahnhof), situada cerca de la Hauptbahnhof.<\/p>\n\n\n\n<p>En general, llegar a Berl\u00edn es f\u00e1cil y c\u00f3modo, gracias a sus excelentes conexiones de transporte. Pero cuando llegue, estamos aqu\u00ed para ayudarle con su <a href=\"https:\/\/berlin-stag-do.com\/es\/transferencias\/\">transferencias<\/a> para que tu despedida de soltero vaya sobre ruedas.<\/p>","protected":false},"excerpt":{"rendered":"<p>Berl\u00edn es la capital y la ciudad m\u00e1s grande de Alemania, y est\u00e1 situada en el noreste del pa\u00eds. Est\u00e1 bien comunicada por diversos medios de transporte, lo que facilita el acceso desde distintas partes del mundo. Por aire Berl\u00edn cuenta con dos aeropuertos internacionales: Aeropuerto de Berl\u00edn Tegel (TXL) y Aeropuerto de Berl\u00edn Sch\u00f6nefeld ... <a href=\"https:\/\/berlin-stag-do.com\/es\/como-llegar-a-berlin\/\">Contin\u00faa en<\/a><\/p>","protected":false},"author":39,"featured_media":253,"parent":0,"menu_order":0,"comment_status":"closed","ping_status":"closed","template":"","meta":{"_acf_changed":false,"footnotes":""},"class_list":["post-117","page","type-page","status-publish","has-post-thumbnail","hentry"],"acf":{"page_subheading":"Find out how you can travel to Berlin most conveniently so that you can begin the stag party as soon as possible."},"_links":{"self":[{"href":"https:\/\/berlin-stag-do.com\/es\/wp-json\/wp\/v2\/pages\/117","targetHints":{"allow":["GET"]}}],"collection":[{"href":"https:\/\/berlin-stag-do.com\/es\/wp-json\/wp\/v2\/pages"}],"about":[{"href":"https:\/\/berlin-stag-do.com\/es\/wp-json\/wp\/v2\/types\/page"}],"author":[{"embeddable":true,"href":"https:\/\/berlin-stag-do.com\/es\/wp-json\/wp\/v2\/users\/39"}],"replies":[{"embeddable":true,"href":"https:\/\/berlin-stag-do.com\/es\/wp-json\/wp\/v2\/comments?post=117"}],"version-history":[{"count":5,"href":"https:\/\/berlin-stag-do.com\/es\/wp-json\/wp\/v2\/pages\/117\/revisions"}],"predecessor-version":[{"id":264,"href":"https:\/\/berlin-stag-do.com\/es\/wp-json\/wp\/v2\/pages\/117\/revisions\/264"}],"wp:featuredmedia":[{"embeddable":true,"href":"https:\/\/berlin-stag-do.com\/es\/wp-json\/wp\/v2\/media\/253"}],"wp:attachment":[{"href":"https:\/\/berlin-stag-do.com\/es\/wp-json\/wp\/v2\/media?parent=117"}],"curies":[{"name":"wp","href":"https:\/\/api.w.org\/{rel}","templated":true}]}}