{"id":111,"date":"2022-12-19T18:41:53","date_gmt":"2022-12-19T18:41:53","guid":{"rendered":"https:\/\/berlin-stag-do.com\/?page_id=111"},"modified":"2022-12-20T09:50:08","modified_gmt":"2022-12-20T09:50:08","slug":"sobre-berlin","status":"publish","type":"page","link":"https:\/\/berlin-stag-do.com\/es\/sobre-berlin\/","title":{"rendered":"Sobre Berl\u00edn"},"content":{"rendered":"<p>Situada en el noreste de Alemania, a orillas del r\u00edo Spree, Berl\u00edn tiene una poblaci\u00f3n de 1.000 millones de habitantes. <strong>m\u00e1s de 3,7 millones de personas<\/strong> y alberga una variada mezcla de culturas y comunidades. Desde sus museos y galer\u00edas de categor\u00eda mundial hasta su animada vida nocturna y deliciosa gastronom\u00eda, en Berl\u00edn hay algo para todos los gustos.<\/p>\n\n\n\n<p>La ciudad tiene una historia larga y compleja, ya que fue la <strong>centro de la vida pol\u00edtica y cultural de Alemania<\/strong> durante siglos. Hoy en d\u00eda, Berl\u00edn es una metr\u00f3polis pr\u00f3spera con una vibrante escena art\u00edstica, una floreciente cultura de startups y una rica historia que se puede explorar a cada paso.<\/p>\n\n\n\n<p>Ya sea para salir de fiesta con los amigos, conocer el pasado de la ciudad o simplemente relajarse y disfrutar de las vistas y sonidos de este incre\u00edble lugar, Berl\u00edn tiene algo que ofrecer a todo el mundo.<\/p>\n\n\n\n<figure class=\"wp-block-image size-large\"><img decoding=\"async\" src=\"https:\/\/berlin-stag-do.com\/wp-content\/uploads\/shutterstock-1-6-1024x481.webp\" alt=\"shutterstock\" class=\"wp-image-249\"\/><figcaption class=\"wp-element-caption\">Puerta de Branderburgo<\/figcaption><\/figure>\n\n\n\n<p><\/p>\n\n\n\n<h2 class=\"wp-block-heading\">\u00bfC\u00f3mo es la vida nocturna?<\/h2>\n\n\n\n<p>Berl\u00edn es conocida por su vibrante y diversa vida nocturna, con algo para todos los gustos. Desde discotecas y bares de moda hasta locales de m\u00fasica en directo y fiestas en las azoteas, la ciudad tiene una animada vida nocturna que hace que la gente vuelva a por m\u00e1s.<\/p>\n\n\n\n<p>Uno de los destinos nocturnos m\u00e1s famosos de Berl\u00edn es el distrito de <strong>Neuk\u00f6lln<\/strong>conocida por su ambiente bohemio y sus clubes underground. Aqu\u00ed encontrar\u00e1s una mezcla de DJ locales e internacionales que pinchan una gran variedad de g\u00e9neros, desde techno y house hasta hip-hop e indie rock.<\/p>\n\n\n\n<p>Si busca una experiencia de mayor categor\u00eda, el <strong>Barrio de Mitte <\/strong>alberga algunos de los clubes y bares m\u00e1s exclusivos de la ciudad, donde podr\u00e1 bailar toda la noche al ritmo de los \u00faltimos \u00e9xitos.<\/p>\n\n\n\n<p>Adem\u00e1s de sus discotecas y bares, Berl\u00edn tambi\u00e9n cuenta con una pr\u00f3spera escena musical en directo, con una amplia gama de locales que presentan actuaciones locales e internacionales. Desde peque\u00f1os e \u00edntimos clubes hasta grandes salas de conciertos, encontrar\u00e1s estilos y g\u00e9neros musicales para todos los gustos.<\/p>\n\n\n\n<figure class=\"wp-block-image size-large\"><img decoding=\"async\" src=\"https:\/\/berlin-stag-do.com\/wp-content\/uploads\/shutterstock-1-7-1024x683.webp\" alt=\"shutterstock\" class=\"wp-image-250\"\/><figcaption class=\"wp-element-caption\">Berl\u00edn es conocida por la vida nocturna m\u00e1s animada de Europa<\/figcaption><\/figure>\n\n\n\n<p><\/p>\n\n\n\n<h2 class=\"wp-block-heading\">La escena underground de Berl\u00edn es legendaria<\/h2>\n\n\n\n<p>Berl\u00edn es conocida por su escena de clubes underground, que se ha <strong>un motor de la vibrante vida nocturna de la ciudad<\/strong> desde hace d\u00e9cadas. La escena de clubes underground de Berl\u00edn se asocia a menudo con la m\u00fasica tecno y la cultura rave, pero tambi\u00e9n encontrar\u00e1 una amplia gama de otros g\u00e9neros y estilos, como house, hip hop e indie rock.<\/p>\n\n\n\n<p>Una de las principales caracter\u00edsticas de la escena de clubes underground de Berl\u00edn es su \u00e9nfasis en locales alternativos y no comerciales. Muchos de los clubes underground de la ciudad son <strong>situados en almacenes abandonados, s\u00f3tanos<\/strong>y otros lugares poco frecuentados, lo que les confiere un aire \u00fanico y underground.<\/p>\n\n\n\n<p>Desde clubes legendarios como <strong>Berghain<\/strong> y <strong>Tresor<\/strong>que han estado en el coraz\u00f3n de la escena tecno de la ciudad durante d\u00e9cadas, hasta los m\u00e1s recientes como <strong>Klunkerkranich<\/strong> y <strong>Griessmuehle<\/strong>Hay para todos los gustos.<\/p>\n\n\n\n<figure class=\"wp-block-image size-large\"><img decoding=\"async\" src=\"https:\/\/berlin-stag-do.com\/wp-content\/uploads\/IMG-1-2-768x1024.webp\" alt=\"IMG\" class=\"wp-image-251\"\/><figcaption class=\"wp-element-caption\">Berl\u00edn tiene una vibrante escena cultural<\/figcaption><\/figure>\n\n\n\n<p><\/p>\n\n\n\n<h2 class=\"wp-block-heading\">Una despedida de soltero en Berl\u00edn sin arruinarse<\/h2>\n\n\n\n<p>En cuanto al alcohol, encontrar\u00e1 un <strong>amplia gama de opciones a distintos precios<\/strong>. La cerveza es una opci\u00f3n popular en Berl\u00edn, y en la mayor\u00eda de los bares y restaurantes encontrar\u00e1 una amplia gama de marcas locales e internacionales.<\/p>\n\n\n\n<p>Los precios de una pinta de cerveza pueden variar, pero por lo general son los siguientes <strong>relativamente asequible<\/strong>especialmente en comparaci\u00f3n con otras grandes ciudades. El vino y los c\u00f3cteles tambi\u00e9n est\u00e1n ampliamente disponibles, y aunque pueden ser un poco m\u00e1s caros que la cerveza, todav\u00eda encontrar\u00e1 un mont\u00f3n de opciones a precios razonables.<\/p>\n\n\n\n<p>En cuanto a la comida, Berl\u00edn alberga un <strong>cocina variada<\/strong>con opciones para todos los gustos y presupuestos.<\/p>\n\n\n\n<p>En<strong> platos tradicionales alemanes<\/strong> La ciudad es famosa por su gastronom\u00eda, desde salchichas y chucrut hasta platos internacionales como pizza y sushi. La ciudad es conocida por su <strong>escena gastron\u00f3mica callejera<\/strong>La ciudad cuenta con numerosos mercadillos y camiones de comida que sirven deliciosos platos a precios asequibles.<\/p>\n\n\n\n<p>Si est\u00e1 planeando una despedida de soltero en esta hermosa ciudad, <a href=\"https:\/\/berlin-stag-do.com\/es\/\">Despedida de soltero en Berl\u00edn<\/a> le tiene cubierto.<\/p>","protected":false},"excerpt":{"rendered":"<p>Situada en el noreste de Alemania, a orillas del r\u00edo Spree, Berl\u00edn tiene una poblaci\u00f3n de m\u00e1s de 3,7 millones de habitantes y alberga una variada mezcla de culturas y comunidades. Desde sus museos y galer\u00edas de categor\u00eda mundial hasta su animada vida nocturna y deliciosa gastronom\u00eda, en Berl\u00edn hay algo para todos los gustos. La ciudad ... <a href=\"https:\/\/berlin-stag-do.com\/es\/sobre-berlin\/\">Contin\u00faa en<\/a><\/p>","protected":false},"author":39,"featured_media":247,"parent":0,"menu_order":0,"comment_status":"closed","ping_status":"closed","template":"","meta":{"_acf_changed":false,"footnotes":""},"class_list":["post-111","page","type-page","status-publish","has-post-thumbnail","hentry"],"acf":{"page_subheading":"Berlin is the capital and largest city of Germany, known for its vibrant culture and rich history."},"_links":{"self":[{"href":"https:\/\/berlin-stag-do.com\/es\/wp-json\/wp\/v2\/pages\/111","targetHints":{"allow":["GET"]}}],"collection":[{"href":"https:\/\/berlin-stag-do.com\/es\/wp-json\/wp\/v2\/pages"}],"about":[{"href":"https:\/\/berlin-stag-do.com\/es\/wp-json\/wp\/v2\/types\/page"}],"author":[{"embeddable":true,"href":"https:\/\/berlin-stag-do.com\/es\/wp-json\/wp\/v2\/users\/39"}],"replies":[{"embeddable":true,"href":"https:\/\/berlin-stag-do.com\/es\/wp-json\/wp\/v2\/comments?post=111"}],"version-history":[{"count":4,"href":"https:\/\/berlin-stag-do.com\/es\/wp-json\/wp\/v2\/pages\/111\/revisions"}],"predecessor-version":[{"id":252,"href":"https:\/\/berlin-stag-do.com\/es\/wp-json\/wp\/v2\/pages\/111\/revisions\/252"}],"wp:featuredmedia":[{"embeddable":true,"href":"https:\/\/berlin-stag-do.com\/es\/wp-json\/wp\/v2\/media\/247"}],"wp:attachment":[{"href":"https:\/\/berlin-stag-do.com\/es\/wp-json\/wp\/v2\/media?parent=111"}],"curies":[{"name":"wp","href":"https:\/\/api.w.org\/{rel}","templated":true}]}}