{"id":102,"date":"2022-12-19T18:36:45","date_gmt":"2022-12-19T18:36:45","guid":{"rendered":"https:\/\/berlin-stag-do.com\/?page_id=102"},"modified":"2026-02-24T11:48:01","modified_gmt":"2026-02-24T11:48:01","slug":"acerca-de-nosotros","status":"publish","type":"page","link":"https:\/\/berlin-stag-do.com\/es\/acerca-de-nosotros\/","title":{"rendered":"Qui\u00e9nes somos"},"content":{"rendered":"<p>Mi equipo y yo nos dedicamos a ayudarle en <strong>planificar el mejor fin de semana de despedida de soltero<\/strong> y asegurarnos de que usted y sus amigos vivan una experiencia inolvidable y sin estr\u00e9s. Nos comprometemos a que todo salga a la perfecci\u00f3n y a que pas\u00e9is el mejor momento de vuestras vidas.<\/p>\n\n\n\n<p>Somos conscientes de que organizar un viaje, especialmente una despedida de soltero, puede ser todo un reto. Sin embargo, con nuestra ayuda, puede estar seguro de que todo se gestionar\u00e1 con eficacia.<\/p>\n\n\n\n<p>Le ayudaremos a <strong>evitar errores comunes<\/strong>Por ejemplo, reservar un alojamiento demasiado alejado de las actividades, gastar demasiado dinero en actividades o programar algo que requiera despejar la mente tras una noche de mucho alcohol.<\/p>\n\n\n\n<p>Perm\u00edtanos ocuparnos de los detalles y crear un <strong>itinerario cuidadosamente planificado<\/strong> que te permita centrarte en celebrar y pasarlo bien con tus amigos.<\/p>\n\n\n\n<figure class=\"wp-block-image size-large\"><img decoding=\"async\" src=\"https:\/\/berlin-stag-do.com\/wp-content\/uploads\/shutterstock-1-4-1024x341.webp\" alt=\"shutterstock\" class=\"wp-image-240\"\/><figcaption class=\"wp-element-caption\">Berl\u00edn es una ciudad con una excepcional variedad de monumentos<\/figcaption><\/figure>\n\n\n\n<p><\/p>\n\n\n\n<h2 class=\"wp-block-heading\">Muchos conf\u00edan en nosotros para organizar su despedida de soltero<\/h2>\n\n\n\n<p>Desde 2015, organizamos despedidas de soltero inolvidables para nuestros clientes masculinos. Como <strong>empresa de viajes financieramente protegida<\/strong>Puede confiar en que su dinero siempre estar\u00e1 seguro con nosotros.<\/p>\n\n\n\n<p>Nuestra <strong>opciones de reserva flexibles<\/strong> le permiten personalizar su viaje de despedida de soltero seg\u00fan sus preferencias exactas y facilitan la planificaci\u00f3n eficaz de un viaje incre\u00edble. Nos aseguraremos de que tu experiencia est\u00e9 libre de estr\u00e9s y sea agradable, para que puedas guardar tu energ\u00eda para el fin de semana de despedida de soltero de tu vida.<\/p>\n\n\n\n<p>Y no podemos recomendar Berl\u00edn lo suficiente.<\/p>\n\n\n\n<p>Es una ciudad din\u00e1mica y el lugar perfecto para celebrar tu \u00faltima noche de libertad con tus amigos. Tanto si quieres salir de marcha y bailar toda la noche como explorar la rica historia cultural de la ciudad, Berl\u00edn tiene algo que ofrecer a todo el mundo.<\/p>\n\n\n\n<p>Estamos orgullosos de ofrecer <strong>excelente servicio a los mejores precios<\/strong> y mantener<strong> <\/strong>s\u00f3lidas relaciones con nuestras empresas asociadas. Ofrecen una amplia gama de actividades \u00fanicas que le har\u00e1n vivir experiencias inolvidables. Hemos seleccionado cuidadosamente a estos socios porque reflejan los valores de nuestra empresa y ofrecen el mejor servicio posible.<\/p>\n\n\n\n<figure class=\"wp-block-image size-large\"><img decoding=\"async\" src=\"https:\/\/berlin-stag-do.com\/wp-content\/uploads\/IMG--1024x768.webp\" alt=\"IMG\" class=\"wp-image-243\"\/><figcaption class=\"wp-element-caption\">Muro de Berl\u00edn<\/figcaption><\/figure>\n\n\n\n<h2 class=\"wp-block-heading\">D\u00e9jenos planificar la despedida de soltero de sus sue\u00f1os.<\/h2>\n\n\n\n<p>En nuestra empresa entendemos que cada grupo de chavales es \u00fanico. Por eso nos <strong>enfoque personalizado<\/strong> para planificar su despedida de soltero.<\/p>\n\n\n\n<p>Creemos que conociendo a su grupo y sus intereses y preferencias espec\u00edficas, podemos crear un <strong>experiencia personalizada e inolvidable<\/strong> que realmente se adapte a sus necesidades. Tanto si buscas un fin de semana de fiesta desenfrenada como una celebraci\u00f3n m\u00e1s discreta, estamos aqu\u00ed para ayudarte a planificar la despedida de soltero perfecta.<\/p>\n\n\n\n<p>Estaremos <strong>disponible 24\/7<\/strong> para ayudarle con cualquier duda o problema que pueda surgir y asegurarse de que dispone de toda la informaci\u00f3n necesaria para aprovechar al m\u00e1ximo su estancia en Berl\u00edn.<\/p>\n\n\n\n<p>Adem\u00e1s, con nuestra experiencia y conocimientos locales, podr\u00e1 <strong>ahorrar tiempo y dinero<\/strong> evitando errores costosos e itinerarios mal planificados.<\/p>\n\n\n\n<p><a href=\"https:\/\/berlin-stag-do.com\/es\/consulta\/\">Inf\u00f3rmese ahora<\/a>y perm\u00edtanos ayudarle a planificar la despedida de soltero definitiva en Berl\u00edn.<\/p>\n\n\n\n<figure class=\"wp-block-image size-large\"><img decoding=\"async\" src=\"https:\/\/berlin-stag-do.com\/wp-content\/uploads\/shutterstock-1-5-1024x683.webp\" alt=\"shutterstock\" class=\"wp-image-244\"\/><figcaption class=\"wp-element-caption\">Berl\u00edn de noche<\/figcaption><\/figure>\n\n\n\n<p>Compruebe d\u00f3nde m\u00e1s puede ir de despedida de soltero con nosotros:<\/p>\n\n\n\n<ul class=\"wp-block-list\">\n<li><a href=\"https:\/\/amsterdam-stag-do.com\/\">Despedida de soltero en \u00c1msterdam<\/a><\/li>\n\n\n\n<li><a href=\"https:\/\/hamburgstagdo.com\/\">Despedida de soltero en Hamburgo<\/a><\/li>\n\n\n\n<li><a href=\"https:\/\/hvarstagdo.com\/\">Despedida de soltero en Hvar<\/a><\/li>\n\n\n\n<li><a href=\"https:\/\/lisbonstagdo.com\/\">Despedida de soltero en Lisboa<\/a><\/li>\n\n\n\n<li><a href=\"https:\/\/munichstagdo.com\/\">Despedida de soltero en M\u00fanich<\/a><\/li>\n\n\n\n<li><a href=\"https:\/\/prague-stag-do.com\/\">Despedida de soltero en Praga<\/a><\/li>\n\n\n\n<li><a href=\"https:\/\/riga-stag-do.com\/\">Despedida de soltero en Riga<\/a><\/li>\n\n\n\n<li><a href=\"https:\/\/stagpartyljubljana.com\/\">Despedida de soltero Liubliana<\/a><\/li>\n\n\n\n<li><a href=\"https:\/\/ibizastagdo.com\">Despedida de soltero en Ibiza<\/a><\/li>\n\n\n\n<li><a href=\"https:\/\/benidorm-stag-do.com\/\">Benidorm Despedida de soltero<\/a><\/li>\n\n\n\n<li><a href=\"https:\/\/budapest-stag-do.com\/\">Despedida de soltero en Budapest<\/a><\/li>\n\n\n\n<li><a href=\"https:\/\/stagdovegas.com\/\">Despedida de soltero en Las Vegas<\/a><\/li>\n\n\n\n<li><a href=\"https:\/\/stagdobarcelona.com\/\">Despedida de soltero Barcelona<\/a><\/li>\n\n\n\n<li><a href=\"https:\/\/stagdozagreb.com\/\">Despedida de soltero Zagreb<\/a><\/li>\n\n\n\n<li><a href=\"https:\/\/splitstagdo.com\/\">Despedida de soltero en Split<\/a><\/li>\n\n\n\n<li><a href=\"https:\/\/dubrovnikstagdo.com\/\">Despedida de soltero en Dubrovnik<\/a><\/li>\n\n\n\n<li><a href=\"https:\/\/madridstagdo.com\/\">Despedida de soltero en Madrid<\/a><\/li>\n\n\n\n<li><a href=\"https:\/\/bucharest-stag-do.com\/\">Despedida de soltero en Bucarest<\/a><\/li>\n\n\n\n<li><a href=\"https:\/\/albufeirastagdo.com\/\">Despedida de soltero en Albufeira<\/a><\/li>\n\n\n\n<li><a href=\"https:\/\/dublinstagdo.com\/\">Despedida de soltero en Dubl\u00edn<\/a><\/li>\n\n\n\n<li><a href=\"https:\/\/stagdokrakow.com\/\">Despedida de soltero en Cracovia<\/a><\/li>\n<\/ul>","protected":false},"excerpt":{"rendered":"<p>Mi equipo y yo nos dedicamos a ayudarle a planificar la despedida de soltero definitiva y a asegurarnos de que usted y sus amigos vivan una experiencia inolvidable y sin estr\u00e9s. Nos comprometemos a asegurarnos de que todo vaya sobre ruedas y de que pas\u00e9is el mejor momento de vuestras vidas. Reconocemos que organizar un viaje, especialmente un ... <a href=\"https:\/\/berlin-stag-do.com\/es\/acerca-de-nosotros\/\">Contin\u00faa en<\/a><\/p>","protected":false},"author":39,"featured_media":238,"parent":0,"menu_order":0,"comment_status":"closed","ping_status":"closed","template":"","meta":{"_acf_changed":false,"footnotes":""},"class_list":["post-102","page","type-page","status-publish","has-post-thumbnail","hentry"],"acf":{"page_subheading":"Let us help you plan the perfect stag do in Berlin and celebrate this special occasion without any worry \u2014 we are here to make it so."},"_links":{"self":[{"href":"https:\/\/berlin-stag-do.com\/es\/wp-json\/wp\/v2\/pages\/102","targetHints":{"allow":["GET"]}}],"collection":[{"href":"https:\/\/berlin-stag-do.com\/es\/wp-json\/wp\/v2\/pages"}],"about":[{"href":"https:\/\/berlin-stag-do.com\/es\/wp-json\/wp\/v2\/types\/page"}],"author":[{"embeddable":true,"href":"https:\/\/berlin-stag-do.com\/es\/wp-json\/wp\/v2\/users\/39"}],"replies":[{"embeddable":true,"href":"https:\/\/berlin-stag-do.com\/es\/wp-json\/wp\/v2\/comments?post=102"}],"version-history":[{"count":15,"href":"https:\/\/berlin-stag-do.com\/es\/wp-json\/wp\/v2\/pages\/102\/revisions"}],"predecessor-version":[{"id":18970,"href":"https:\/\/berlin-stag-do.com\/es\/wp-json\/wp\/v2\/pages\/102\/revisions\/18970"}],"wp:featuredmedia":[{"embeddable":true,"href":"https:\/\/berlin-stag-do.com\/es\/wp-json\/wp\/v2\/media\/238"}],"wp:attachment":[{"href":"https:\/\/berlin-stag-do.com\/es\/wp-json\/wp\/v2\/media?parent=102"}],"curies":[{"name":"wp","href":"https:\/\/api.w.org\/{rel}","templated":true}]}}