{"id":117,"date":"2022-12-19T18:43:05","date_gmt":"2022-12-19T18:43:05","guid":{"rendered":"https:\/\/berlin-stag-do.com\/?page_id=117"},"modified":"2022-12-20T10:03:32","modified_gmt":"2022-12-20T10:03:32","slug":"wie-man-nach-berlin-kommt","status":"publish","type":"page","link":"https:\/\/berlin-stag-do.com\/de\/wie-man-nach-berlin-kommt\/","title":{"rendered":"Wie kommt man nach Berlin?"},"content":{"rendered":"<p>Berlin ist die Hauptstadt und gr\u00f6\u00dfte Stadt Deutschlands und liegt im nord\u00f6stlichen Teil des Landes. Sie ist durch verschiedene Verkehrsmittel gut angebunden, sodass sie von verschiedenen Teilen der Welt aus leicht zu erreichen ist.<\/p>\n\n\n\n<h2 class=\"wp-block-heading\">Mit dem Flugzeug<\/h2>\n\n\n\n<p>Berlin hat zwei internationale Flugh\u00e4fen: Den Flughafen Berlin Tegel (TXL) und den Flughafen Berlin Sch\u00f6nefeld (SXF). Beide Flugh\u00e4fen liegen au\u00dferhalb des Stadtzentrums, sind aber durch \u00f6ffentliche Verkehrsmittel gut an die Stadt angebunden. Von den Flugh\u00e4fen verkehren regelm\u00e4\u00dfig Z\u00fcge und Busse in verschiedene Teile der Stadt, und es gibt auch Taxis.<\/p>\n\n\n\n<h2 class=\"wp-block-heading\">Mit dem Zug<\/h2>\n\n\n\n<p>Berlin hat zwei Hauptbahnh\u00f6fe: Den Berliner Hauptbahnhof und den Berliner Ostbahnhof. Der Hauptbahnhof befindet sich im Stadtzentrum und ist der Hauptknotenpunkt f\u00fcr Fernz\u00fcge, w\u00e4hrend der Ostbahnhof im \u00f6stlichen Teil der Stadt liegt und haupts\u00e4chlich f\u00fcr Regionalz\u00fcge genutzt wird. Es gibt auch kleinere Bahnh\u00f6fe, die \u00fcber die ganze Stadt verteilt sind, so dass es einfach ist, einen Bahnhof in der N\u00e4he Ihres Ziels zu finden.<\/p>\n\n\n\n<h2 class=\"wp-block-heading\">Mit dem Auto<\/h2>\n\n\n\n<p>Berlin ist mit dem Auto leicht zu erreichen, da es an das deutsche Autobahnnetz angeschlossen ist. Wenn Sie aus anderen Teilen Deutschlands kommen, k\u00f6nnen Sie die Autobahnen A2, A9 oder A10 nehmen, um in die Stadt zu gelangen. Wenn Sie aus anderen Teilen Europas kommen, k\u00f6nnen Sie die Autobahnen E30, E55 oder E51 nehmen, um nach Berlin zu gelangen. Es gibt mehrere Parkh\u00e4user und Parkpl\u00e4tze in der Stadt, aber es ist wichtig zu beachten, dass es in Berlin zu Staus kommen kann, besonders im Stadtzentrum.<\/p>\n\n\n\n<h2 class=\"wp-block-heading\">Mit dem Bus<\/h2>\n\n\n\n<p>Auch mit dem Bus ist Berlin gut angebunden, denn zahlreiche Busunternehmen bieten Verbindungen in die Stadt und aus der Stadt heraus an. Es gibt mehrere Busbahnh\u00f6fe in der Stadt, darunter den Zentralen Omnibusbahnhof in der N\u00e4he des Hauptbahnhofs.<\/p>\n\n\n\n<p>Insgesamt ist die Anreise nach Berlin dank der hervorragenden Verkehrsanbindung einfach und bequem. Aber wenn Sie erst einmal da sind, helfen wir Ihnen gerne bei Ihren <a href=\"https:\/\/berlin-stag-do.com\/de\/uberweisungen\/\">\u00dcberweisungen<\/a> damit Ihr Junggesellenabschied reibungslos verl\u00e4uft.<\/p>","protected":false},"excerpt":{"rendered":"<p>Berlin ist die Hauptstadt und gr\u00f6\u00dfte Stadt Deutschlands und liegt im nord\u00f6stlichen Teil des Landes. Die Stadt ist durch verschiedene Verkehrsmittel gut angebunden, so dass sie von verschiedenen Teilen der Welt aus leicht zu erreichen ist. Auf dem Luftweg hat Berlin zwei internationale Flugh\u00e4fen: Flughafen Berlin-Tegel (TXL) und Flughafen Berlin-Sch\u00f6nefeld ... <a href=\"https:\/\/berlin-stag-do.com\/de\/wie-man-nach-berlin-kommt\/\">Fortsetzung<\/a><\/p>","protected":false},"author":39,"featured_media":253,"parent":0,"menu_order":0,"comment_status":"closed","ping_status":"closed","template":"","meta":{"_acf_changed":false,"footnotes":""},"class_list":["post-117","page","type-page","status-publish","has-post-thumbnail","hentry"],"acf":{"page_subheading":"Find out how you can travel to Berlin most conveniently so that you can begin the stag party as soon as possible."},"_links":{"self":[{"href":"https:\/\/berlin-stag-do.com\/de\/wp-json\/wp\/v2\/pages\/117","targetHints":{"allow":["GET"]}}],"collection":[{"href":"https:\/\/berlin-stag-do.com\/de\/wp-json\/wp\/v2\/pages"}],"about":[{"href":"https:\/\/berlin-stag-do.com\/de\/wp-json\/wp\/v2\/types\/page"}],"author":[{"embeddable":true,"href":"https:\/\/berlin-stag-do.com\/de\/wp-json\/wp\/v2\/users\/39"}],"replies":[{"embeddable":true,"href":"https:\/\/berlin-stag-do.com\/de\/wp-json\/wp\/v2\/comments?post=117"}],"version-history":[{"count":5,"href":"https:\/\/berlin-stag-do.com\/de\/wp-json\/wp\/v2\/pages\/117\/revisions"}],"predecessor-version":[{"id":264,"href":"https:\/\/berlin-stag-do.com\/de\/wp-json\/wp\/v2\/pages\/117\/revisions\/264"}],"wp:featuredmedia":[{"embeddable":true,"href":"https:\/\/berlin-stag-do.com\/de\/wp-json\/wp\/v2\/media\/253"}],"wp:attachment":[{"href":"https:\/\/berlin-stag-do.com\/de\/wp-json\/wp\/v2\/media?parent=117"}],"curies":[{"name":"wp","href":"https:\/\/api.w.org\/{rel}","templated":true}]}}