{"id":111,"date":"2022-12-19T18:41:53","date_gmt":"2022-12-19T18:41:53","guid":{"rendered":"https:\/\/berlin-stag-do.com\/?page_id=111"},"modified":"2022-12-20T09:50:08","modified_gmt":"2022-12-20T09:50:08","slug":"uber-berlin","status":"publish","type":"page","link":"https:\/\/berlin-stag-do.com\/de\/uber-berlin\/","title":{"rendered":"\u00dcber Berlin"},"content":{"rendered":"<p>Berlin liegt im Nordosten Deutschlands an den Ufern der Spree und hat eine Bev\u00f6lkerung von <strong>\u00fcber 3,7 Millionen Menschen<\/strong> und beherbergt eine vielf\u00e4ltige Mischung von Kulturen und Gemeinschaften. Von den Weltklasse-Museen und -Galerien \u00fcber das lebhafte Nachtleben bis hin zur k\u00f6stlichen K\u00fcche - in Berlin ist f\u00fcr jeden etwas dabei.<\/p>\n\n\n\n<p>Die Stadt hat eine lange und komplexe Geschichte, denn sie war die <strong>Zentrum des politischen und kulturellen Lebens in Deutschland<\/strong> seit Jahrhunderten. Heute ist Berlin eine bl\u00fchende Metropole mit einer pulsierenden Kunstszene, einer florierenden Startup-Kultur und einer reichen Geschichte, die auf Schritt und Tritt erkundet werden kann.<\/p>\n\n\n\n<p>Ob Sie nun mit Freunden feiern, etwas \u00fcber die Vergangenheit der Stadt erfahren oder sich einfach nur entspannen und die Sehensw\u00fcrdigkeiten und Ger\u00e4usche dieses erstaunlichen Ortes genie\u00dfen m\u00f6chten - Berlin hat f\u00fcr jeden etwas zu bieten.<\/p>\n\n\n\n<figure class=\"wp-block-image size-large\"><img decoding=\"async\" src=\"https:\/\/berlin-stag-do.com\/wp-content\/uploads\/shutterstock-1-6-1024x481.webp\" alt=\"shutterstock\" class=\"wp-image-249\"\/><figcaption class=\"wp-element-caption\">Branderburger Tor<\/figcaption><\/figure>\n\n\n\n<p><\/p>\n\n\n\n<h2 class=\"wp-block-heading\">Wie sieht das Nachtleben aus?<\/h2>\n\n\n\n<p>Berlin ist bekannt f\u00fcr sein pulsierendes und vielf\u00e4ltiges Nachtleben, das f\u00fcr jeden Geschmack etwas zu bieten hat. Von trendigen Clubs und Bars \u00fcber Live-Musik bis hin zu Dachterrassenpartys - das Nachtleben der Stadt ist so lebendig, dass die Menschen immer wieder gerne zur\u00fcckkommen.<\/p>\n\n\n\n<p>Eines der bekanntesten Ziele f\u00fcr das Nachtleben in Berlin ist das Viertel <strong>Neuk\u00f6lln<\/strong>die f\u00fcr ihre Boh\u00e8me-Atmosph\u00e4re und ihre Underground-Clubs bekannt ist. Hier finden Sie eine Mischung aus lokalen und internationalen DJs, die eine Reihe von Genres auflegen, von Techno und House bis hin zu Hip-Hop und Indie-Rock.<\/p>\n\n\n\n<p>Wenn Sie auf der Suche nach einem gehobenen Erlebnis sind, sollten Sie das <strong>Bezirk Mitte <\/strong>beherbergt einige der exklusivsten Clubs und Bars der Stadt, in denen Sie die Nacht zu den neuesten Hits durchtanzen k\u00f6nnen.<\/p>\n\n\n\n<p>Neben den Clubs und Bars gibt es in Berlin auch eine bl\u00fchende Live-Musikszene mit einer Vielzahl von Veranstaltungsorten, an denen lokale und internationale K\u00fcnstler auftreten. Von kleinen, intimen Clubs bis hin zu gro\u00dfen Konzerthallen finden Sie eine Reihe von Musikrichtungen und Genres f\u00fcr jeden Geschmack.<\/p>\n\n\n\n<figure class=\"wp-block-image size-large\"><img decoding=\"async\" src=\"https:\/\/berlin-stag-do.com\/wp-content\/uploads\/shutterstock-1-7-1024x683.webp\" alt=\"shutterstock\" class=\"wp-image-250\"\/><figcaption class=\"wp-element-caption\">Berlin ist bekannt f\u00fcr das pulsierende Nachtleben in Europa<\/figcaption><\/figure>\n\n\n\n<p><\/p>\n\n\n\n<h2 class=\"wp-block-heading\">Berlins Untergrundszene ist legend\u00e4r<\/h2>\n\n\n\n<p>Berlin ist bekannt f\u00fcr seine Underground-Club-Szene, die schon seit <strong>eine treibende Kraft im pulsierenden Nachtleben der Stadt<\/strong> seit Jahrzehnten. Die Underground-Club-Szene in Berlin wird oft mit Techno-Musik und Rave-Kultur in Verbindung gebracht, aber man findet auch eine breite Palette anderer Genres und Stile, darunter House, Hip-Hop und Indie-Rock.<\/p>\n\n\n\n<p>Eines der Hauptmerkmale der Berliner Underground-Club-Szene ist die Betonung von nicht-kommerziellen und alternativen Veranstaltungsorten. Viele der Underground-Clubs in der Stadt sind <strong>in verlassenen Lagerh\u00e4usern, Kellern<\/strong>und andere Orte abseits der ausgetretenen Pfade, was ihnen ein einzigartiges und unterirdisches Flair verleiht.<\/p>\n\n\n\n<p>Von legend\u00e4ren Clubs wie <strong>Berghain<\/strong> und <strong>Tresor<\/strong>die seit Jahrzehnten im Zentrum der Techno-Szene der Stadt stehen, bis hin zu neueren Bands wie <strong>Klunkerkranich<\/strong> und <strong>Griessmuehle<\/strong>Es ist f\u00fcr jeden etwas dabei.<\/p>\n\n\n\n<figure class=\"wp-block-image size-large\"><img decoding=\"async\" src=\"https:\/\/berlin-stag-do.com\/wp-content\/uploads\/IMG-1-2-768x1024.webp\" alt=\"IMG\" class=\"wp-image-251\"\/><figcaption class=\"wp-element-caption\">Berlin hat eine lebendige Kulturszene<\/figcaption><\/figure>\n\n\n\n<p><\/p>\n\n\n\n<h2 class=\"wp-block-heading\">Ein Junggesellenabschied in Berlin kostet nicht die Welt<\/h2>\n\n\n\n<p>Wenn es um Alkohol geht, finden Sie eine <strong>eine breite Palette von Optionen zu verschiedenen Preispunkten<\/strong>. Bier ist eine beliebte Wahl in Berlin, und in den meisten Bars und Restaurants finden Sie eine Auswahl an lokalen und internationalen Marken.<\/p>\n\n\n\n<p>Die Preise f\u00fcr ein Pint Bier k\u00f6nnen variieren, aber in der Regel ist es so, dass <strong>relativ g\u00fcnstig<\/strong>besonders im Vergleich zu anderen Gro\u00dfst\u00e4dten. Wein und Cocktails sind ebenfalls weit verbreitet, und obwohl sie etwas teurer sind als Bier, finden Sie immer noch eine Vielzahl von Optionen zu vern\u00fcnftigen Preisen.<\/p>\n\n\n\n<p>Was das Essen anbelangt, so ist Berlin die Heimat einer <strong>vielf\u00e4ltiges kulinarisches Angebot<\/strong>F\u00fcr jeden Geschmack und jedes Budget ist etwas dabei.<\/p>\n\n\n\n<p>Von<strong> traditionelle deutsche Gerichte<\/strong> von Bratwurst und Sauerkraut bis hin zu internationalen Favoriten wie Pizza und Sushi - die Auswahl ist gro\u00df. Die Stadt ist bekannt f\u00fcr ihre <strong>Street-Food-Szene<\/strong>Hier gibt es eine Reihe beliebter Stra\u00dfenm\u00e4rkte und Imbisswagen, die k\u00f6stliche und erschwingliche Gerichte anbieten.<\/p>\n\n\n\n<p>Wenn Sie einen Junggesellenabschied in dieser sch\u00f6nen Stadt planen, <a href=\"https:\/\/berlin-stag-do.com\/de\/\">Berlin Junggesellenabschied<\/a> hat f\u00fcr Sie gesorgt.<\/p>","protected":false},"excerpt":{"rendered":"<p>Berlin liegt im Nordosten Deutschlands an den Ufern der Spree und hat mehr als 3,7 Millionen Einwohner, die eine vielf\u00e4ltige Mischung von Kulturen und Gemeinschaften beherbergen. Von den Museen und Galerien von Weltrang \u00fcber das lebhafte Nachtleben bis hin zur k\u00f6stlichen K\u00fcche - in Berlin ist f\u00fcr jeden etwas dabei. Die Stadt hat eine ... <a href=\"https:\/\/berlin-stag-do.com\/de\/uber-berlin\/\">Fortsetzung<\/a><\/p>","protected":false},"author":39,"featured_media":247,"parent":0,"menu_order":0,"comment_status":"closed","ping_status":"closed","template":"","meta":{"_acf_changed":false,"footnotes":""},"class_list":["post-111","page","type-page","status-publish","has-post-thumbnail","hentry"],"acf":{"page_subheading":"Berlin is the capital and largest city of Germany, known for its vibrant culture and rich history."},"_links":{"self":[{"href":"https:\/\/berlin-stag-do.com\/de\/wp-json\/wp\/v2\/pages\/111","targetHints":{"allow":["GET"]}}],"collection":[{"href":"https:\/\/berlin-stag-do.com\/de\/wp-json\/wp\/v2\/pages"}],"about":[{"href":"https:\/\/berlin-stag-do.com\/de\/wp-json\/wp\/v2\/types\/page"}],"author":[{"embeddable":true,"href":"https:\/\/berlin-stag-do.com\/de\/wp-json\/wp\/v2\/users\/39"}],"replies":[{"embeddable":true,"href":"https:\/\/berlin-stag-do.com\/de\/wp-json\/wp\/v2\/comments?post=111"}],"version-history":[{"count":4,"href":"https:\/\/berlin-stag-do.com\/de\/wp-json\/wp\/v2\/pages\/111\/revisions"}],"predecessor-version":[{"id":252,"href":"https:\/\/berlin-stag-do.com\/de\/wp-json\/wp\/v2\/pages\/111\/revisions\/252"}],"wp:featuredmedia":[{"embeddable":true,"href":"https:\/\/berlin-stag-do.com\/de\/wp-json\/wp\/v2\/media\/247"}],"wp:attachment":[{"href":"https:\/\/berlin-stag-do.com\/de\/wp-json\/wp\/v2\/media?parent=111"}],"curies":[{"name":"wp","href":"https:\/\/api.w.org\/{rel}","templated":true}]}}