{"id":102,"date":"2022-12-19T18:36:45","date_gmt":"2022-12-19T18:36:45","guid":{"rendered":"https:\/\/berlin-stag-do.com\/?page_id=102"},"modified":"2026-02-24T11:48:01","modified_gmt":"2026-02-24T11:48:01","slug":"uber-uns","status":"publish","type":"page","link":"https:\/\/berlin-stag-do.com\/de\/uber-uns\/","title":{"rendered":"\u00dcber uns"},"content":{"rendered":"<p>Mein Team und ich sind bestrebt, Sie zu unterst\u00fctzen bei <strong>Planung des ultimativen Junggesellenwochenendes<\/strong> und sicherzustellen, dass Sie und Ihre Freunde ein unvergessliches und stressfreies Erlebnis haben. Wir setzen uns daf\u00fcr ein, dass alles reibungslos abl\u00e4uft und ihr die beste Zeit eures Lebens habt.<\/p>\n\n\n\n<p>Wir wissen, dass die Organisation einer Reise, insbesondere eines Junggesellenabschieds, eine Herausforderung sein kann. Mit unserer Hilfe k\u00f6nnen Sie sich jedoch sicher sein, dass alles effektiv gehandhabt wird.<\/p>\n\n\n\n<p>Wir unterst\u00fctzen Sie bei <strong>Vermeidung von h\u00e4ufigen Fehlern<\/strong>Sie sollten nicht zu weit von den Aktivit\u00e4ten entfernt wohnen, zu viel Geld f\u00fcr Aktivit\u00e4ten ausgeben oder etwas planen, das nach einer durchzechten Nacht einen klaren Kopf erfordert.<\/p>\n\n\n\n<p>\u00dcberlassen Sie es uns, die Details zu regeln und eine <strong>sorgf\u00e4ltig geplante Reiseroute<\/strong> die es Ihnen erm\u00f6glicht, sich auf das Feiern zu konzentrieren und eine gute Zeit mit Ihren Freunden zu haben.<\/p>\n\n\n\n<figure class=\"wp-block-image size-large\"><img decoding=\"async\" src=\"https:\/\/berlin-stag-do.com\/wp-content\/uploads\/shutterstock-1-4-1024x341.webp\" alt=\"shutterstock\" class=\"wp-image-240\"\/><figcaption class=\"wp-element-caption\">Berlin ist eine Stadt mit einer au\u00dfergew\u00f6hnlichen Vielfalt an Sehensw\u00fcrdigkeiten<\/figcaption><\/figure>\n\n\n\n<p><\/p>\n\n\n\n<h2 class=\"wp-block-heading\">Viele vertrauen bei der Organisation ihres Junggesellenabschieds auf uns<\/h2>\n\n\n\n<p>Seit 2015 organisieren wir unvergessliche Junggesellenabschiede f\u00fcr unsere m\u00e4nnlichen Kunden. Als <strong>Finanziell abgesichertes Reiseunternehmen<\/strong>k\u00f6nnen Sie darauf vertrauen, dass Ihr Geld bei uns immer sicher ist.<\/p>\n\n\n\n<p>Unser <strong>flexible Buchungsm\u00f6glichkeiten<\/strong> erm\u00f6glichen es Ihnen, Ihren Junggesellenabschied genau auf Ihre W\u00fcnsche abzustimmen und machen es Ihnen leicht, eine tolle Reise effizient zu planen. Wir sorgen daf\u00fcr, dass Ihr Erlebnis stressfrei und angenehm ist, so dass Sie Ihre Energie f\u00fcr das Junggesellenwochenende Ihres Lebens sparen k\u00f6nnen.<\/p>\n\n\n\n<p>Und wir k\u00f6nnen Berlin nicht genug empfehlen.<\/p>\n\n\n\n<p>Berlin ist eine dynamische Stadt und der perfekte Ort, um mit deinen Freunden die letzte Nacht in Freiheit zu feiern. Egal, ob du die Clubs unsicher machen und die Nacht durchtanzen oder die reiche Kulturgeschichte der Stadt erkunden willst - Berlin hat f\u00fcr jeden etwas zu bieten.<\/p>\n\n\n\n<p>Wir sind stolz darauf, dass wir <strong>hervorragender Service zu den besten Preisen<\/strong> und pflegen<strong> <\/strong>enge Beziehungen zu unseren Partnerunternehmen. Sie bieten eine breite Palette einzigartiger Aktivit\u00e4ten an, die Ihnen viele unvergessliche Erlebnisse bescheren werden. Wir haben diese Partner sorgf\u00e4ltig ausgew\u00e4hlt, weil sie die Werte unseres Unternehmens widerspiegeln und den bestm\u00f6glichen Service bieten.<\/p>\n\n\n\n<figure class=\"wp-block-image size-large\"><img decoding=\"async\" src=\"https:\/\/berlin-stag-do.com\/wp-content\/uploads\/IMG--1024x768.webp\" alt=\"IMG\" class=\"wp-image-243\"\/><figcaption class=\"wp-element-caption\">Berliner Mauer<\/figcaption><\/figure>\n\n\n\n<h2 class=\"wp-block-heading\">Lassen Sie uns den Junggesellenabschied Ihrer Tr\u00e4ume planen!<\/h2>\n\n\n\n<p>Wir in unserem Unternehmen wissen, dass jede Gruppe von Jugendlichen einzigartig ist. Deshalb nehmen wir eine <strong>Pers\u00f6nlicher Ansatz<\/strong> zur Planung Ihres Junggesellenwochenendes.<\/p>\n\n\n\n<p>Wir sind der Meinung, dass wir Ihre Gruppe und Ihre spezifischen Interessen und Vorlieben kennenlernen m\u00fcssen, damit wir eine <strong>Individuelles und unvergessliches Erlebnis<\/strong> das wirklich auf Ihre Bed\u00fcrfnisse eingeht. Ganz gleich, ob Sie ein wildes Party-Wochenende oder eine eher unauff\u00e4llige Feier planen, wir helfen Ihnen bei der Planung des perfekten Junggesellenabschieds.<\/p>\n\n\n\n<p>Wir werden <strong>24\/7 verf\u00fcgbar<\/strong> um Ihnen bei allen Fragen und Problemen zu helfen und sicherzustellen, dass Sie alle Informationen erhalten, die Sie ben\u00f6tigen, um Ihre Zeit in Berlin optimal zu nutzen.<\/p>\n\n\n\n<p>Und dank unseres Fachwissens und unserer Ortskenntnis k\u00f6nnen Sie <strong>sowohl Geld als auch Zeit zu sparen<\/strong> durch Vermeidung kostspieliger Fehler und schlecht geplanter Reiserouten.<\/p>\n\n\n\n<p><a href=\"https:\/\/berlin-stag-do.com\/de\/anfrage\/\">Jetzt anfragen<\/a>und lassen Sie uns Ihnen helfen, den ultimativen Berliner Junggesellenabschied zu planen.<\/p>\n\n\n\n<figure class=\"wp-block-image size-large\"><img decoding=\"async\" src=\"https:\/\/berlin-stag-do.com\/wp-content\/uploads\/shutterstock-1-5-1024x683.webp\" alt=\"shutterstock\" class=\"wp-image-244\"\/><figcaption class=\"wp-element-caption\">Berlin bei Nacht<\/figcaption><\/figure>\n\n\n\n<p>Finden Sie heraus, wo Sie sonst noch mit uns auf einen Junggesellenabschied gehen k\u00f6nnen:<\/p>\n\n\n\n<ul class=\"wp-block-list\">\n<li><a href=\"https:\/\/amsterdam-stag-do.com\/\">Amsterdam Junggesellenabschied<\/a><\/li>\n\n\n\n<li><a href=\"https:\/\/hamburgstagdo.com\/\">Hamburger Junggesellenabschied<\/a><\/li>\n\n\n\n<li><a href=\"https:\/\/hvarstagdo.com\/\">Hvar Junggesellenabschied<\/a><\/li>\n\n\n\n<li><a href=\"https:\/\/lisbonstagdo.com\/\">Lissabon Junggesellenabschied<\/a><\/li>\n\n\n\n<li><a href=\"https:\/\/munichstagdo.com\/\">M\u00fcnchener Junggesellenabschied<\/a><\/li>\n\n\n\n<li><a href=\"https:\/\/prague-stag-do.com\/\">Prag Junggesellenabschied<\/a><\/li>\n\n\n\n<li><a href=\"https:\/\/riga-stag-do.com\/\">Rigaer Junggesellenabschied<\/a><\/li>\n\n\n\n<li><a href=\"https:\/\/stagpartyljubljana.com\/\">Junggesellenabschied Ljubljana<\/a><\/li>\n\n\n\n<li><a href=\"https:\/\/ibizastagdo.com\">Ibiza Junggesellenabschied<\/a><\/li>\n\n\n\n<li><a href=\"https:\/\/benidorm-stag-do.com\/\">Benidorm Junggesellenabschied<\/a><\/li>\n\n\n\n<li><a href=\"https:\/\/budapest-stag-do.com\/\">Budapest Junggesellenabschied<\/a><\/li>\n\n\n\n<li><a href=\"https:\/\/stagdovegas.com\/\">Junggesellenabschied Vegas<\/a><\/li>\n\n\n\n<li><a href=\"https:\/\/stagdobarcelona.com\/\">Junggesellenabschied Barcelona<\/a><\/li>\n\n\n\n<li><a href=\"https:\/\/stagdozagreb.com\/\">Junggesellenabschied Zagreb<\/a><\/li>\n\n\n\n<li><a href=\"https:\/\/splitstagdo.com\/\">Split Junggesellenabschied<\/a><\/li>\n\n\n\n<li><a href=\"https:\/\/dubrovnikstagdo.com\/\">Dubrovnik Junggesellenabschied<\/a><\/li>\n\n\n\n<li><a href=\"https:\/\/madridstagdo.com\/\">Madrid Junggesellenabschied<\/a><\/li>\n\n\n\n<li><a href=\"https:\/\/bucharest-stag-do.com\/\">Bukarest Junggesellenabschied<\/a><\/li>\n\n\n\n<li><a href=\"https:\/\/albufeirastagdo.com\/\">Albufeira Junggesellenabschied<\/a><\/li>\n\n\n\n<li><a href=\"https:\/\/dublinstagdo.com\/\">Dublin Junggesellenabschied<\/a><\/li>\n\n\n\n<li><a href=\"https:\/\/stagdokrakow.com\/\">Krakau Junggesellenabschied<\/a><\/li>\n<\/ul>","protected":false},"excerpt":{"rendered":"<p>Mein Team und ich haben es uns zur Aufgabe gemacht, Ihnen bei der Planung des ultimativen Junggesellenabschieds zu helfen und sicherzustellen, dass Sie und Ihre Freunde ein unvergessliches und stressfreies Erlebnis haben. Wir setzen uns daf\u00fcr ein, dass alles reibungslos abl\u00e4uft und ihr die beste Zeit eures Lebens habt. Wir wissen, dass die Organisation einer Reise, insbesondere einer ... <a href=\"https:\/\/berlin-stag-do.com\/de\/uber-uns\/\">Fortsetzung<\/a><\/p>","protected":false},"author":39,"featured_media":238,"parent":0,"menu_order":0,"comment_status":"closed","ping_status":"closed","template":"","meta":{"_acf_changed":false,"footnotes":""},"class_list":["post-102","page","type-page","status-publish","has-post-thumbnail","hentry"],"acf":{"page_subheading":"Let us help you plan the perfect stag do in Berlin and celebrate this special occasion without any worry \u2014 we are here to make it so."},"_links":{"self":[{"href":"https:\/\/berlin-stag-do.com\/de\/wp-json\/wp\/v2\/pages\/102","targetHints":{"allow":["GET"]}}],"collection":[{"href":"https:\/\/berlin-stag-do.com\/de\/wp-json\/wp\/v2\/pages"}],"about":[{"href":"https:\/\/berlin-stag-do.com\/de\/wp-json\/wp\/v2\/types\/page"}],"author":[{"embeddable":true,"href":"https:\/\/berlin-stag-do.com\/de\/wp-json\/wp\/v2\/users\/39"}],"replies":[{"embeddable":true,"href":"https:\/\/berlin-stag-do.com\/de\/wp-json\/wp\/v2\/comments?post=102"}],"version-history":[{"count":15,"href":"https:\/\/berlin-stag-do.com\/de\/wp-json\/wp\/v2\/pages\/102\/revisions"}],"predecessor-version":[{"id":18970,"href":"https:\/\/berlin-stag-do.com\/de\/wp-json\/wp\/v2\/pages\/102\/revisions\/18970"}],"wp:featuredmedia":[{"embeddable":true,"href":"https:\/\/berlin-stag-do.com\/de\/wp-json\/wp\/v2\/media\/238"}],"wp:attachment":[{"href":"https:\/\/berlin-stag-do.com\/de\/wp-json\/wp\/v2\/media?parent=102"}],"curies":[{"name":"wp","href":"https:\/\/api.w.org\/{rel}","templated":true}]}}